{"id":1655,"date":"2024-10-20T08:38:33","date_gmt":"2024-10-20T06:38:33","guid":{"rendered":"https:\/\/sapiensjmh.top\/carnets_de_voyage\/?page_id=1655"},"modified":"2024-10-25T09:47:58","modified_gmt":"2024-10-25T07:47:58","slug":"mentions-legales","status":"publish","type":"page","link":"https:\/\/sapiensjmh.top\/carnets_de_voyage\/?page_id=1655","title":{"rendered":"CGU &#8211; Mentions l\u00e9gales &#8211; Politique de confidentialit\u00e9 &#8211; Cookies (t\u00e9moins)"},"content":{"rendered":"\n<div class=\"wp-block-group alignwide has-global-padding is-layout-constrained wp-block-group-is-layout-constrained\">\n<div class=\"wp-block-columns is-layout-flex wp-container-core-columns-is-layout-28f84493 wp-block-columns-is-layout-flex\">\n<div class=\"wp-block-column is-layout-flow wp-block-column-is-layout-flow\" style=\"flex-basis:33.34%\"><\/div>\n\n\n\n<div class=\"wp-block-column is-layout-flow wp-block-column-is-layout-flow\" style=\"flex-basis:33.34%\">\n\n<!-- CJT Shortcode Block (1) - close button - START -->\n\n\t\t\t\t\t\t<span id='csmi-9be65bca6e533ca2598b0f11ae14e328' class='csmi csmi-bid-1 csmi-close button'>\n\t\t\t\t\t\t\t<button \nid=\"fermePage\"\ntype=\"button\"\nonmouseover=\"txtclr=this.style.color;bgdclr=this.style.backgroundColor;this.style.color=bgdclr;this.style.backgroundColor=txtclr;\" \nonmouseout=\"txtclr=this.style.color;bgdclr=this.style.backgroundColor;this.style.color=bgdclr;this.style.backgroundColor=txtclr;\" \nonclick=\"window.close();\" \nstyle=\"width: 100%; font-size: 0.85rem; padding: 0.35rem; border-radius: 20px;color: #ff7043;background-color: #FFEDE8;\" \n>\n<svg xmlns=\"http:\/\/www.w3.org\/2000\/svg\" viewBox=\"0 0 24 12\"  width=\"24\" height=\"12\">\n<!--!Font Awesome Free 6.6.0 by @fontawesome - https:\/\/fontawesome.com License - https:\/\/fontawesome.com\/license\/free Copyright 2024 Fonticons, Inc.-->\n<path d=\"m 11.644854,2.0493525 c 0.46853,-0.4685306 0.46853,-1.22942401 0,-1.69795458 -0.468531,-0.46853056 -1.229424,-0.46853056 -1.6979539,0 L 6.0000001,4.302043 2.0493524,0.35514621 c -0.4685305,-0.46853057 -1.22942391,-0.46853057 -1.69795448,0 -0.46853056,0.46853056 -0.46853056,1.22942389 0,1.69795369 L 4.3020464,6.0000001 0.35514621,9.9506484 c -0.46853057,0.4685316 -0.46853057,1.2294256 0,1.6979486 0.46853056,0.46854 1.22942389,0.46854 1.69795359,0 L 6.0000001,7.6979573 9.9506475,11.644851 c 0.4685305,0.468532 1.2294245,0.468532 1.6979545,0 0.468531,-0.468523 0.468531,-1.229417 0,-1.6979483 L 7.6979537,6.0000001 Z\"\/>\n<\/svg>\nFermer la page\n<\/button>\n\t\t\t\t\t\t<\/span>\n\n\t\t\t\t\t<!-- CJT Shortcode Block (1) - close button - END -->\n\n\n<\/div>\n\n\n\n<div class=\"wp-block-column is-layout-flow wp-block-column-is-layout-flow\" style=\"flex-basis:33.33%\"><\/div>\n<\/div>\n<\/div>\n\n\n\n<div style=\"height:500px\" aria-hidden=\"true\" class=\"wp-block-spacer\"><\/div>\n\n\n\n<div class=\"wp-block-group alignwide is-style-column-box-shadow has-tertiary-background-color has-background has-global-padding is-layout-constrained wp-container-core-group-is-layout-9a4c8acf wp-block-group-is-layout-constrained\" style=\"border-width:2px;padding-top:var(--wp--preset--spacing--small);padding-right:var(--wp--preset--spacing--small);padding-bottom:var(--wp--preset--spacing--small);padding-left:var(--wp--preset--spacing--small)\">\n<h2 class=\"wp-block-heading\" id=\"cgu\">CGU : Conditions g\u00e9n\u00e9rales d&rsquo;utilisation<\/h2>\n\n\n\n<div class=\"wp-block-uagb-separator uagb-block-1c1f1a1a\"><div class=\"wp-block-uagb-separator__inner\" style=\"--my-background-image:\"><\/div><\/div>\n\n\n\n<h3 class=\"wp-block-heading\">G\u00e9n\u00e9ralit\u00e9s et d\u00e9finitions<\/h3>\n\n\n\n<p>Le pr\u00e9sent site web intitul\u00e9 \u00ab\u00a0Carnet de voyages\u00a0\u00bb et ci-apr\u00e8s d\u00e9sign\u00e9 par la mention \u00ab\u00a0le pr\u00e9sent site\u00a0\u00bb ne propose aucun service gratuit ou payant.<\/p>\n\n\n\n<p>Tout internaute qui acc\u00e8de \u00e0 une ou plusieurs des pages du pr\u00e9sent site sera d\u00e9sign\u00e9 par la mention \u00ab\u00a0utilisateur\u00a0\u00bb dans ce qui suit.<\/p>\n\n\n\n<p>Tout utilisateur du pr\u00e9sent site reconna\u00eet avoir pris connaissance de toutes les rubriques figurant sur cette page, reconna\u00eet en avoir compris le sens et s&rsquo;engage \u00e0 respecter les pr\u00e9sentes CGU.<\/p>\n\n\n\n<p>Le pr\u00e9sent site ne propose que la consultation &#8211; en lecture seule et \u00e0 titre gratuit &#8211; d&rsquo;informations ayant trait \u00e0 des voyages, balades, randonn\u00e9es p\u00e9destres ou cyclistes, visites de sites touristiques&#8230;<\/p>\n\n\n\n<p>Cette consultation ne n\u00e9cessite donc aucune inscription pr\u00e9alable.<\/p>\n\n\n\n<p>Les informations publi\u00e9es n&rsquo;engagent que l&rsquo;auteur du pr\u00e9sent site.<\/p>\n\n\n\n<p>Sont \u00e0 consid\u00e9rer comme \u00ab\u00a0informations\u00a0\u00bb tous les textes, toutes les photographies et s\u00e9quences film\u00e9es mis en ligne sur le pr\u00e9sent site.<\/p>\n\n\n\n<h3 class=\"wp-block-heading\">Copie et diffusion d&rsquo;informations<\/h3>\n\n\n\n<p>Tout utilisateur peut copier ces informations mais seulement pour un usage personnel.<\/p>\n\n\n\n<p>Tout utilisateur qui veut diffuser des informations du pr\u00e9sent site par un moyen num\u00e9rique quelconque comme : sms, mail, messagerie, r\u00e9seau social, site web (blog par exemple), etc &#8211; doit explicitement faire mention de leur source sous la forme d&rsquo;un lien hypertexte valide &#8211; URL &#8211; dont la taille des caract\u00e8res ne doit pas \u00eatre inf\u00e9rieure \u00e0 10pixels.<br>L&rsquo;auteur du pr\u00e9sent site demande \u00e0 tout utilisateur de respecter scrupuleusement les dispositions pr\u00e9vues dans la licence <a href=\"https:\/\/creativecommons.org\/licenses\/by-nc-sa\/4.0\/deed.fr\" target=\"_blank\" rel=\"noreferrer noopener\">CC BY-NC-SA 4.0<\/a>.<br><br><strong><mark style=\"background-color:#14111f\" class=\"has-inline-color has-primary-color\">Tout utilisateur qui diffuse des informations du pr\u00e9sent site dans un espace num\u00e9rique publique (fil d&rsquo;actualit\u00e9s d&rsquo;un r\u00e9seau social, page d&rsquo;un blog par exemple) doit en informer l&rsquo;auteur du pr\u00e9sent site, par courrier \u00e9lectronique \u00e0 l&rsquo;adresse suivante : quid.novi@sapiensjmh.top en mentionnant explicitement dans le corps du message l&rsquo;URL qui permet d&rsquo;acc\u00e9der \u00e0 cet espace.<\/mark><\/strong><\/p>\n\n\n\n<h3 class=\"wp-block-heading\">Liens hypertextes<\/h3>\n\n\n\n<p>Certaines pages contiennent des liens hypertextes qui pointent vers des pages web externes au domaine du pr\u00e9sent site.<br>Le contenu de ces pages n&rsquo;engage pas la responsabilit\u00e9 de l&rsquo;auteur du pr\u00e9sent site. Les dispositions en mati\u00e8re de CGU qui s&rsquo;appliquent alors sont celles d\u00e9finies dans ces pages : l&rsquo;utilisateur devra en prendre connaissance et s&rsquo;y conformer.<br>Dans le cas o\u00f9 l&rsquo;un de ces lien hypertextes ne serait plus valide (\u00ab\u00a0liens morts\u00a0\u00bb) l&rsquo;utilisateur ne saurait en tenir rigueur d&rsquo;aucune mani\u00e8re que ce soit \u00e0 l&rsquo;auteur du pr\u00e9sent site.<\/p>\n<\/div>\n\n\n\n<div style=\"height:500px\" aria-hidden=\"true\" class=\"wp-block-spacer\"><\/div>\n\n\n\n<div class=\"wp-block-group alignwide is-style-column-box-shadow has-tertiary-background-color has-background has-global-padding is-layout-constrained wp-container-core-group-is-layout-9a4c8acf wp-block-group-is-layout-constrained\" style=\"border-width:2px;padding-top:var(--wp--preset--spacing--small);padding-right:var(--wp--preset--spacing--small);padding-bottom:var(--wp--preset--spacing--small);padding-left:var(--wp--preset--spacing--small)\">\n<h2 class=\"wp-block-heading\" id=\"MenLeg\">Mentions l\u00e9gales<\/h2>\n\n\n\n<h3 class=\"wp-block-heading\">Identit\u00e9 de l&rsquo;auteur du site<\/h3>\n\n\n\n<p><strong>Nom<\/strong><br>HAROUY Jean-Michel<\/p>\n\n\n\n<p><strong>Adresse<\/strong><br>6bis rue des castors &#8211; La Pou\u00ebze &#8211; 49370 ERDRE-EN-ANJOU &#8211; France<\/p>\n\n\n\n<p><strong>T\u00e9l\u00e9phone<\/strong><br>+33 241 605 081<\/p>\n\n\n\n<p><strong>Courrier \u00e9lectronique<\/strong><br><br><\/p>\n\n\n\n<h3 class=\"wp-block-heading\">Identit\u00e9 de l&rsquo;h\u00e9bergeur du site<\/h3>\n\n\n\n<p><strong>Nom<\/strong><br>PLANETHOSTER inc.<\/p>\n\n\n\n<p><strong>Adresse<\/strong><br>4416 Louis B. Mayer, Laval (Qu\u00e9bec) H7P 0G1, Canada<\/p>\n\n\n\n<p><strong>T\u00e9l\u00e9phone<\/strong><br>FR (N\u00ba Vert): 0 805 080 426<br>FR: +33 1 76 60 41 43<br>BE: +32 28 08 13 21<br>CH: +41 31 528 01 41<br>UK: +44 (0)808 189 0423<br>AU: +61 18 0035 1172<br>US: +1 855 774 4678<br>CA: +1 855 774 4678<br>QC: +1 514 802 1644.<\/p>\n\n\n\n<p><\/p>\n<\/div>\n\n\n\n<div class=\"wp-block-columns is-layout-flex wp-container-core-columns-is-layout-28f84493 wp-block-columns-is-layout-flex\">\n<div class=\"wp-block-column is-layout-flow wp-block-column-is-layout-flow\" style=\"flex-basis:33.34%\"><\/div>\n\n\n\n<div class=\"wp-block-column is-layout-flow wp-block-column-is-layout-flow\" style=\"flex-basis:33.34%\">\n\n<!-- CJT Shortcode Block (1) - close button - START -->\n\n\t\t\t\t\t\t<span id='csmi-ecd75b008f477db6e7644b4aa6f24f23' class='csmi csmi-bid-1 csmi-close button'>\n\t\t\t\t\t\t\t<button \nid=\"fermePage\"\ntype=\"button\"\nonmouseover=\"txtclr=this.style.color;bgdclr=this.style.backgroundColor;this.style.color=bgdclr;this.style.backgroundColor=txtclr;\" \nonmouseout=\"txtclr=this.style.color;bgdclr=this.style.backgroundColor;this.style.color=bgdclr;this.style.backgroundColor=txtclr;\" \nonclick=\"window.close();\" \nstyle=\"width: 100%; font-size: 0.85rem; padding: 0.35rem; border-radius: 20px;color: #ff7043;background-color: #FFEDE8;\" \n>\n<svg xmlns=\"http:\/\/www.w3.org\/2000\/svg\" viewBox=\"0 0 24 12\"  width=\"24\" height=\"12\">\n<!--!Font Awesome Free 6.6.0 by @fontawesome - https:\/\/fontawesome.com License - https:\/\/fontawesome.com\/license\/free Copyright 2024 Fonticons, Inc.-->\n<path d=\"m 11.644854,2.0493525 c 0.46853,-0.4685306 0.46853,-1.22942401 0,-1.69795458 -0.468531,-0.46853056 -1.229424,-0.46853056 -1.6979539,0 L 6.0000001,4.302043 2.0493524,0.35514621 c -0.4685305,-0.46853057 -1.22942391,-0.46853057 -1.69795448,0 -0.46853056,0.46853056 -0.46853056,1.22942389 0,1.69795369 L 4.3020464,6.0000001 0.35514621,9.9506484 c -0.46853057,0.4685316 -0.46853057,1.2294256 0,1.6979486 0.46853056,0.46854 1.22942389,0.46854 1.69795359,0 L 6.0000001,7.6979573 9.9506475,11.644851 c 0.4685305,0.468532 1.2294245,0.468532 1.6979545,0 0.468531,-0.468523 0.468531,-1.229417 0,-1.6979483 L 7.6979537,6.0000001 Z\"\/>\n<\/svg>\nFermer la page\n<\/button>\n\t\t\t\t\t\t<\/span>\n\n\t\t\t\t\t<!-- CJT Shortcode Block (1) - close button - END -->\n\n\n<\/div>\n\n\n\n<div class=\"wp-block-column is-layout-flow wp-block-column-is-layout-flow\" style=\"flex-basis:33.33%\"><\/div>\n<\/div>\n\n\n\n<div style=\"height:500px\" aria-hidden=\"true\" class=\"wp-block-spacer\"><\/div>\n\n\n\n<div class=\"wp-block-group alignwide is-style-column-box-shadow has-tertiary-background-color has-background has-global-padding is-layout-constrained wp-container-core-group-is-layout-9a4c8acf wp-block-group-is-layout-constrained\" style=\"border-width:2px;padding-top:var(--wp--preset--spacing--small);padding-right:var(--wp--preset--spacing--small);padding-bottom:var(--wp--preset--spacing--small);padding-left:var(--wp--preset--spacing--small)\">\n<h2 class=\"wp-block-heading\" id=\"PolConf\">Politique de confidentialit\u00e9<\/h2>\n\n\n\n<h3 class=\"wp-block-heading\">Collecte de donn\u00e9es personnelles<\/h3>\n\n\n\n<p>Aucune donn\u00e9es \u00e0 caract\u00e8res personnelles de l&rsquo;utilisateur comme un nom de famille, une adresse postale, un num\u00e9ro de t\u00e9l\u00e9phone, une adresse de courrier \u00e9lectronique, adresse IP, etc n&rsquo;est collect\u00e9e par un formulaire, ni stock\u00e9e dans une base de donn\u00e9es sur le serveur qui h\u00e9berge le pr\u00e9sent site.<\/p>\n\n\n\n<p>Lorsque l&rsquo;utilisateur consulte des sites propos\u00e9s via des liens hypertextes sur le pr\u00e9sent site, il est alors possible que des donn\u00e9es personnelles soient collect\u00e9es par les sites tiers en question.<br>Il appartient dans ce cas \u00e0 l&rsquo;utilisateur de se reporter \u00e0 la rubrique de \u00ab\u00a0politique de confidentialit\u00e9\u00a0\u00bb de ces sites.<\/p>\n\n\n\n<h3 class=\"wp-block-heading\">Protection contre les tentatives d&rsquo;intrusion<\/h3>\n\n\n\n<p>Le pr\u00e9sent site dispose d&rsquo;un dispositif de protection contre les tentatives d&rsquo;intrusion. L&rsquo;adresse IP des personnes qui cherchent \u00e0 s&rsquo;identifier en tant qu&rsquo;administrateur du pr\u00e9sent site sera conserv\u00e9e dans une base de donn\u00e9es et blacklist\u00e9e.<\/p>\n<\/div>\n\n\n\n<div class=\"wp-block-columns is-layout-flex wp-container-core-columns-is-layout-28f84493 wp-block-columns-is-layout-flex\">\n<div class=\"wp-block-column is-layout-flow wp-block-column-is-layout-flow\" style=\"flex-basis:33.34%\"><\/div>\n\n\n\n<div class=\"wp-block-column is-layout-flow wp-block-column-is-layout-flow\" style=\"flex-basis:33.34%\">\n\n<!-- CJT Shortcode Block (1) - close button - START -->\n\n\t\t\t\t\t\t<span id='csmi-f9bbff522ea022f7bd8392694a2ebd4e' class='csmi csmi-bid-1 csmi-close button'>\n\t\t\t\t\t\t\t<button \nid=\"fermePage\"\ntype=\"button\"\nonmouseover=\"txtclr=this.style.color;bgdclr=this.style.backgroundColor;this.style.color=bgdclr;this.style.backgroundColor=txtclr;\" \nonmouseout=\"txtclr=this.style.color;bgdclr=this.style.backgroundColor;this.style.color=bgdclr;this.style.backgroundColor=txtclr;\" \nonclick=\"window.close();\" \nstyle=\"width: 100%; font-size: 0.85rem; padding: 0.35rem; border-radius: 20px;color: #ff7043;background-color: #FFEDE8;\" \n>\n<svg xmlns=\"http:\/\/www.w3.org\/2000\/svg\" viewBox=\"0 0 24 12\"  width=\"24\" height=\"12\">\n<!--!Font Awesome Free 6.6.0 by @fontawesome - https:\/\/fontawesome.com License - https:\/\/fontawesome.com\/license\/free Copyright 2024 Fonticons, Inc.-->\n<path d=\"m 11.644854,2.0493525 c 0.46853,-0.4685306 0.46853,-1.22942401 0,-1.69795458 -0.468531,-0.46853056 -1.229424,-0.46853056 -1.6979539,0 L 6.0000001,4.302043 2.0493524,0.35514621 c -0.4685305,-0.46853057 -1.22942391,-0.46853057 -1.69795448,0 -0.46853056,0.46853056 -0.46853056,1.22942389 0,1.69795369 L 4.3020464,6.0000001 0.35514621,9.9506484 c -0.46853057,0.4685316 -0.46853057,1.2294256 0,1.6979486 0.46853056,0.46854 1.22942389,0.46854 1.69795359,0 L 6.0000001,7.6979573 9.9506475,11.644851 c 0.4685305,0.468532 1.2294245,0.468532 1.6979545,0 0.468531,-0.468523 0.468531,-1.229417 0,-1.6979483 L 7.6979537,6.0000001 Z\"\/>\n<\/svg>\nFermer la page\n<\/button>\n\t\t\t\t\t\t<\/span>\n\n\t\t\t\t\t<!-- CJT Shortcode Block (1) - close button - END -->\n\n\n<\/div>\n\n\n\n<div class=\"wp-block-column is-layout-flow wp-block-column-is-layout-flow\" style=\"flex-basis:33.33%\"><\/div>\n<\/div>\n\n\n\n<div style=\"height:500px\" aria-hidden=\"true\" class=\"wp-block-spacer\"><\/div>\n\n\n\n<div class=\"wp-block-group alignwide is-style-column-box-shadow has-tertiary-background-color has-background has-global-padding is-layout-constrained wp-container-core-group-is-layout-9a4c8acf wp-block-group-is-layout-constrained\" style=\"border-width:2px;padding-top:var(--wp--preset--spacing--small);padding-right:var(--wp--preset--spacing--small);padding-bottom:var(--wp--preset--spacing--small);padding-left:var(--wp--preset--spacing--small)\">\n<h2 class=\"wp-block-heading\" id=\"InfCook\">Cookies (t\u00e9moins de connexion)<\/h2>\n\n\n\n<h3 class=\"wp-block-heading\">Cookies indispensables<\/h3>\n\n\n\n<p>La consultation du pr\u00e9sent site g\u00e9n\u00e8re des cookies indispensables au fonctionnement de l&rsquo;outil de conception :  WordPress.<\/p>\n\n\n\n<p>A titre indicatif ces cookies sont les suivants :<\/p>\n\n\n\n<div class=\"wp-block-group has-global-padding is-layout-constrained wp-block-group-is-layout-constrained\">\n\n<!-- CJT Shortcode Block (30) - cookiesList - START -->\n\n\t\t\t\t\t\t<span id='csmi-e06612e4ef966aff6f0bf02daac3d231' class='csmi csmi-bid-30 csmi-cookiesList'>\n\t\t\t\t\t\t\t<table style=\"border-width:2px; font-size:small;width:100%;\">\n    <thead>\n        <tr>\n            <th style=\"background-color:#ddd;width:25%;border:solid 1px;\">Cl\u00e9<\/th>\n            <th style=\"background-color:#ddd;width:75%;border:solid 1px;\">Valeur<\/th>\n        <\/tr>\n    <\/thead>\n    <tbody id=\"txtCookies\"><\/tbody>\n<\/table>\n\n\n<script>\n    let lck = document.cookie.split(\";\");\n    let tck=\"\";\n    for(let ck of lck){\n        tck+=\"<tr>\"\n        let cks = ck.split(\"=\");\n        tck+=\"<td style='padding:5px;border:solid 1px;'>\"+cks[0]+\"<\/td><td style='padding:5px;border:solid 1px;'>\"+decodeURIComponent(cks[1])+\"<\/td>\";\n    }\n    document.getElementById(\"txtCookies\").innerHTML = tck;\n<\/script>\n\t\t\t\t\t\t<\/span>\n\n\t\t\t\t\t<!-- CJT Shortcode Block (30) - cookiesList - END -->\n\n\n<\/div>\n\n\n\n<p>L&rsquo;utilisateur peut acc\u00e9der \u00e0 une liste plus d\u00e9taill\u00e9e de ces cookies<a href=\"https:\/\/developer.mozilla.org\/fr\/docs\/Learn\/Common_questions\/Tools_and_setup\/What_are_browser_developer_tools#comment_ouvrir_les_outils_de_d%C3%A9veloppement_dun_navigateur\"> en utilisant des outils sp\u00e9cifiques fournis par son navigateur.<\/a> (<a href=\"https:\/\/developer.mozilla.org\/fr\/docs\/Learn\/Common_questions\/Tools_and_setup\/What_are_browser_developer_tools#en_savoir_plus\" target=\"_blank\" rel=\"noreferrer noopener\">\u00e0 lire aussi&#8230;<\/a>)<br>A ce titre l&rsquo;auteur du pr\u00e9sent site recommande l&rsquo;utilisation du navigateur <a href=\"https:\/\/www.mozilla.org\/fr\/firefox\/new\/\" target=\"_blank\" rel=\"noreferrer noopener\">Mozilla Firefox<\/a>. Ce navigateur est disponible en version pour ordinateur, tablette et smartphone pour plusieurs syst\u00e8mes d&rsquo;exploitation.<\/p>\n\n\n\n<h3 class=\"wp-block-heading\">Cookies de Tracking<\/h3>\n\n\n\n<p>Le pr\u00e9sent site ne  fait appel \u00e0 aucune technologie de tracking.<\/p>\n\n\n\n<p>Lorsque l&rsquo;utilisateur consulte des sites propos\u00e9s via des liens hypertextes sur le pr\u00e9sent site, il est alors possible que des cookies de tracking soient utilis\u00e9s par les sites en question.<br>Il appartient dans ce cas \u00e0 l&rsquo;utilisateur de se reporter \u00e0 la rubrique de \u00ab\u00a0gestion des cookies\u00a0\u00bb pr\u00e9sente sur les sites en question.<\/p>\n<\/div>\n\n\n\n<div class=\"wp-block-columns is-layout-flex wp-container-core-columns-is-layout-28f84493 wp-block-columns-is-layout-flex\">\n<div class=\"wp-block-column is-layout-flow wp-block-column-is-layout-flow\" style=\"flex-basis:33.34%\"><\/div>\n\n\n\n<div class=\"wp-block-column is-layout-flow wp-block-column-is-layout-flow\" style=\"flex-basis:33.34%\">\n\n<!-- CJT Shortcode Block (1) - close button - START -->\n\n\t\t\t\t\t\t<span id='csmi-c2514ea869381565b2ea61c35ecf2c0a' class='csmi csmi-bid-1 csmi-close button'>\n\t\t\t\t\t\t\t<button \nid=\"fermePage\"\ntype=\"button\"\nonmouseover=\"txtclr=this.style.color;bgdclr=this.style.backgroundColor;this.style.color=bgdclr;this.style.backgroundColor=txtclr;\" \nonmouseout=\"txtclr=this.style.color;bgdclr=this.style.backgroundColor;this.style.color=bgdclr;this.style.backgroundColor=txtclr;\" \nonclick=\"window.close();\" \nstyle=\"width: 100%; font-size: 0.85rem; padding: 0.35rem; border-radius: 20px;color: #ff7043;background-color: #FFEDE8;\" \n>\n<svg xmlns=\"http:\/\/www.w3.org\/2000\/svg\" viewBox=\"0 0 24 12\"  width=\"24\" height=\"12\">\n<!--!Font Awesome Free 6.6.0 by @fontawesome - https:\/\/fontawesome.com License - https:\/\/fontawesome.com\/license\/free Copyright 2024 Fonticons, Inc.-->\n<path d=\"m 11.644854,2.0493525 c 0.46853,-0.4685306 0.46853,-1.22942401 0,-1.69795458 -0.468531,-0.46853056 -1.229424,-0.46853056 -1.6979539,0 L 6.0000001,4.302043 2.0493524,0.35514621 c -0.4685305,-0.46853057 -1.22942391,-0.46853057 -1.69795448,0 -0.46853056,0.46853056 -0.46853056,1.22942389 0,1.69795369 L 4.3020464,6.0000001 0.35514621,9.9506484 c -0.46853057,0.4685316 -0.46853057,1.2294256 0,1.6979486 0.46853056,0.46854 1.22942389,0.46854 1.69795359,0 L 6.0000001,7.6979573 9.9506475,11.644851 c 0.4685305,0.468532 1.2294245,0.468532 1.6979545,0 0.468531,-0.468523 0.468531,-1.229417 0,-1.6979483 L 7.6979537,6.0000001 Z\"\/>\n<\/svg>\nFermer la page\n<\/button>\n\t\t\t\t\t\t<\/span>\n\n\t\t\t\t\t<!-- CJT Shortcode Block (1) - close button - END -->\n\n\n<\/div>\n\n\n\n<div class=\"wp-block-column is-layout-flow wp-block-column-is-layout-flow\" style=\"flex-basis:33.33%\"><\/div>\n<\/div>\n","protected":false},"excerpt":{"rendered":"<p>CGU : Conditions g\u00e9n\u00e9rales d&rsquo;utilisation G\u00e9n\u00e9ralit\u00e9s et d\u00e9finitions Le pr\u00e9sent site web intitul\u00e9 \u00ab\u00a0Carnet de voyages\u00a0\u00bb et ci-apr\u00e8s d\u00e9sign\u00e9 par la mention \u00ab\u00a0le pr\u00e9sent site\u00a0\u00bb ne propose aucun service gratuit ou payant. Tout internaute qui acc\u00e8de \u00e0 une ou plusieurs des pages du pr\u00e9sent site sera d\u00e9sign\u00e9 par la mention \u00ab\u00a0utilisateur\u00a0\u00bb dans ce qui suit. [&hellip;]<\/p>\n","protected":false},"author":1,"featured_media":0,"parent":0,"menu_order":0,"comment_status":"closed","ping_status":"closed","template":"","meta":{"_uag_custom_page_level_css":"","footnotes":"","_wp_rev_ctl_limit":"2"},"class_list":["post-1655","page","type-page","status-publish","hentry"],"uagb_featured_image_src":{"full":false,"thumbnail":false,"medium":false,"medium_large":false,"large":false,"1536x1536":false,"2048x2048":false},"uagb_author_info":{"display_name":"Jean-Michel HAROUY","author_link":"https:\/\/sapiensjmh.top\/carnets_de_voyage\/?author=1"},"uagb_comment_info":0,"uagb_excerpt":"CGU : Conditions g\u00e9n\u00e9rales d&rsquo;utilisation G\u00e9n\u00e9ralit\u00e9s et d\u00e9finitions Le pr\u00e9sent site web intitul\u00e9 \u00ab\u00a0Carnet de voyages\u00a0\u00bb et ci-apr\u00e8s d\u00e9sign\u00e9 par la mention \u00ab\u00a0le pr\u00e9sent site\u00a0\u00bb ne propose aucun service gratuit ou payant. Tout internaute qui acc\u00e8de \u00e0 une ou plusieurs des pages du pr\u00e9sent site sera d\u00e9sign\u00e9 par la mention \u00ab\u00a0utilisateur\u00a0\u00bb dans ce qui suit.\u2026","_links":{"self":[{"href":"https:\/\/sapiensjmh.top\/carnets_de_voyage\/index.php?rest_route=\/wp\/v2\/pages\/1655","targetHints":{"allow":["GET"]}}],"collection":[{"href":"https:\/\/sapiensjmh.top\/carnets_de_voyage\/index.php?rest_route=\/wp\/v2\/pages"}],"about":[{"href":"https:\/\/sapiensjmh.top\/carnets_de_voyage\/index.php?rest_route=\/wp\/v2\/types\/page"}],"author":[{"embeddable":true,"href":"https:\/\/sapiensjmh.top\/carnets_de_voyage\/index.php?rest_route=\/wp\/v2\/users\/1"}],"replies":[{"embeddable":true,"href":"https:\/\/sapiensjmh.top\/carnets_de_voyage\/index.php?rest_route=%2Fwp%2Fv2%2Fcomments&post=1655"}],"version-history":[{"count":2,"href":"https:\/\/sapiensjmh.top\/carnets_de_voyage\/index.php?rest_route=\/wp\/v2\/pages\/1655\/revisions"}],"predecessor-version":[{"id":1816,"href":"https:\/\/sapiensjmh.top\/carnets_de_voyage\/index.php?rest_route=\/wp\/v2\/pages\/1655\/revisions\/1816"}],"wp:attachment":[{"href":"https:\/\/sapiensjmh.top\/carnets_de_voyage\/index.php?rest_route=%2Fwp%2Fv2%2Fmedia&parent=1655"}],"curies":[{"name":"wp","href":"https:\/\/api.w.org\/{rel}","templated":true}]}}