{"id":431,"date":"2024-11-02T19:26:02","date_gmt":"2024-11-02T19:26:02","guid":{"rendered":"https:\/\/sapiensjmh.top\/biodivimg\/?page_id=431"},"modified":"2026-01-27T10:45:04","modified_gmt":"2026-01-27T10:45:04","slug":"champignons","status":"publish","type":"page","link":"https:\/\/sapiensjmh.top\/biodivimg\/champignons\/","title":{"rendered":"Champignons"},"content":{"rendered":"\n<div class=\"wp-block-group alignfull is-layout-flow wp-block-group-is-layout-flow\">\n<div class=\"wp-block-uagb-tabs uagb-block-c62e34cf uagb-tabs__wrap uagb-tabs__hstyle1-desktop uagb-tabs__vstyle6-tablet uagb-tabs__stack1-mobile\" data-tab-active=\"2\"><ul class=\"uagb-tabs__panel uagb-tabs__align-left\" role=\"tablist\"><li class=\"uagb-tab \" role=\"none\"><a href=\"#uagb-tabs__tab0\" class=\"uagb-tabs-list uagb-tabs__icon-position-left\" data-tab=\"0\" role=\"tab\"><span class=\"uagb-tabs__icon\"><svg xmlns=\"https:\/\/www.w3.org\/2000\/svg\" viewBox=\"0 0 320 512\"><path d=\"M310.6 246.6l-127.1 128C176.4 380.9 168.2 384 160 384s-16.38-3.125-22.63-9.375l-127.1-128C.2244 237.5-2.516 223.7 2.438 211.8S19.07 192 32 192h255.1c12.94 0 24.62 7.781 29.58 19.75S319.8 237.5 310.6 246.6z\"><\/path><\/svg><\/span><div>Taxons Parents<\/div><\/a><\/li><li class=\"uagb-tab \" role=\"none\"><a href=\"#uagb-tabs__tab1\" class=\"uagb-tabs-list uagb-tabs__icon-position-left\" data-tab=\"1\" role=\"tab\"><span class=\"uagb-tabs__icon\"><svg xmlns=\"https:\/\/www.w3.org\/2000\/svg\" viewBox=\"0 0 320 512\"><path d=\"M310.6 246.6l-127.1 128C176.4 380.9 168.2 384 160 384s-16.38-3.125-22.63-9.375l-127.1-128C.2244 237.5-2.516 223.7 2.438 211.8S19.07 192 32 192h255.1c12.94 0 24.62 7.781 29.58 19.75S319.8 237.5 310.6 246.6z\"><\/path><\/svg><\/span><div>Taxons proches<\/div><\/a><\/li><li class=\"uagb-tab uagb-tabs__active\" role=\"none\"><a href=\"#uagb-tabs__tab2\" class=\"uagb-tabs-list uagb-tabs__icon-position-left\" data-tab=\"2\" role=\"tab\"><span class=\"uagb-tabs__icon\"><svg xmlns=\"https:\/\/www.w3.org\/2000\/svg\" viewBox=\"0 0 320 512\"><path d=\"M310.6 246.6l-127.1 128C176.4 380.9 168.2 384 160 384s-16.38-3.125-22.63-9.375l-127.1-128C.2244 237.5-2.516 223.7 2.438 211.8S19.07 192 32 192h255.1c12.94 0 24.62 7.781 29.58 19.75S319.8 237.5 310.6 246.6z\"><\/path><\/svg><\/span><div>Taxon : esp\u00e8ces<\/div><\/a><\/li><\/ul><div class=\"uagb-tabs__body-wrap\">\n<div class=\"wp-block-uagb-tabs-child uagb-tabs__body-container uagb-inner-tab-0\" aria-labelledby=\"uagb-tabs__tab0\">\n<!-- Page-list plugin v.5.9 wordpress.org\/plugins\/page-list\/ -->\n<!-- no pages to show -->\n<\/div>\n\n\n\n<div class=\"wp-block-uagb-tabs-child uagb-tabs__body-container uagb-inner-tab-1\" aria-labelledby=\"uagb-tabs__tab1\">\n<!-- Page-list plugin v.5.9 wordpress.org\/plugins\/page-list\/ -->\n<ul class=\"page-list siblings-page-list \">\n<li class=\"page_item page-item-734\"><a href=\"https:\/\/sapiensjmh.top\/biodivimg\/insolites\/\">Insolites<\/a><\/li>\n<li class=\"page_item page-item-68\"><a href=\"https:\/\/sapiensjmh.top\/biodivimg\/roches-mineraux-et-fossiles\/\">Roches, min\u00e9raux et fossiles<\/a><\/li>\n\n<\/ul>\n<\/div>\n\n\n\n<div class=\"wp-block-uagb-tabs-child uagb-tabs__body-container uagb-inner-tab-2\" aria-labelledby=\"uagb-tabs__tab2\">\t\t\t\t<div class=\"wp-block-uagb-table-of-contents uagb-toc__align-left uagb-toc__columns-1  uagb-block-c2c92f15      \"\n\t\t\t\t\tdata-scroll= \"1\"\n\t\t\t\t\tdata-offset= \"30\"\n\t\t\t\t\tstyle=\"\"\n\t\t\t\t>\n\t\t\t\t<div class=\"uagb-toc__wrap\">\n\t\t\t\t\t\t<div class=\"uagb-toc__title\">\n\t\t\t\t\t\t\tTaxon : Esp\u00e8ces\t\t\t\t\t\t<\/div>\n\t\t\t\t\t\t\t\t\t\t\t\t\t\t\t\t\t\t\t\t\t\t<div class=\"uagb-toc__list-wrap \">\n\t\t\t\t\t\t<ol class=\"uagb-toc__list\"><li class=\"uagb-toc__list\"><a href=\"#amanite-citrine\" class=\"uagb-toc-link__trigger\">Amanite Citrine<\/a><li class=\"uagb-toc__list\"><a href=\"#1-fungi-basiodomyc\u00e8tes-esp\u00e8ce-ind\u00e9termin\u00e9e\" class=\"uagb-toc-link__trigger\">(1) Fungi &gt;&gt; Basiodomyc\u00e8tes &gt;&gt; esp\u00e8ce ind\u00e9termin\u00e9e<\/a><li class=\"uagb-toc__list\"><a href=\"#2-fungi-basiodomyc\u00e8tes-esp\u00e8ce-ind\u00e9termin\u00e9e\" class=\"uagb-toc-link__trigger\">(2) Fungi &gt;&gt; Basiodomyc\u00e8tes &gt;&gt; esp\u00e8ce ind\u00e9termin\u00e9e<\/a><\/ol>\t\t\t\t\t<\/div>\n\t\t\t\t\t\t\t\t\t<\/div>\n\t\t\t\t<\/div>\n\t\t\t<\/div>\n<\/div><\/div>\n\n\n\n<div style=\"height:400px\" aria-hidden=\"true\" class=\"wp-block-spacer\"><\/div>\n<\/div>\n\n\n\n<div class=\"wp-block-group alignfull is-layout-flow wp-block-group-is-layout-flow\" style=\"border-style:none;border-width:0px;margin-top:0;margin-bottom:0;padding-top:var(--wp--preset--spacing--80);padding-right:var(--wp--preset--spacing--80);padding-bottom:var(--wp--preset--spacing--80);padding-left:var(--wp--preset--spacing--80)\">\n<h4 class=\"wp-block-heading has-primary-color has-text-color has-link-color wp-elements-0fc2b1118b7bfa612fa907d8e5be7789\" style=\"margin-top:var(--wp--preset--spacing--60);margin-right:var(--wp--preset--spacing--30);margin-bottom:var(--wp--preset--spacing--60);margin-left:var(--wp--preset--spacing--30)\"><em><a href=\"https:\/\/www.inaturalist.org\/taxa\/63271\">Amanite Citrine<\/a><\/em><\/h4>\n\n\n\n<div class=\"wp-block-columns are-vertically-aligned-center is-layout-flex wp-container-core-columns-is-layout-954ec4bb wp-block-columns-is-layout-flex\" style=\"padding-right:var(--wp--preset--spacing--40);padding-left:var(--wp--preset--spacing--40)\">\n<div class=\"wp-block-column is-vertically-aligned-center is-layout-flow wp-block-column-is-layout-flow\" style=\"flex-basis:60%\">\n<p class=\"has-tertiary-color has-text-color has-link-color wp-elements-9d86f48cd7ae1f959c4c87e99b81a19b\"><em><em><em><em>Amanita citrina<\/em><\/em><\/em><\/em><\/p>\n<\/div>\n\n\n\n<div class=\"wp-block-column is-vertically-aligned-center is-layout-flow wp-block-column-is-layout-flow\" style=\"flex-basis:20%\">\n<p><i class=\"fas fa-link\"><\/i> <a href=\"https:\/\/inpn.mnhn.fr\/espece\/cd_nom\/39001\" target=\"_blank\" rel=\"noreferrer noopener nofollow\">INPN<\/a><\/p>\n<\/div>\n\n\n\n<div class=\"wp-block-column is-vertically-aligned-center is-layout-flow wp-block-column-is-layout-flow\" style=\"flex-basis:20%\">\n<p><i class=\"fas fa-link\"><\/i> <a href=\"https:\/\/www.inaturalist.org\/observations\/247082296\" target=\"_blank\" rel=\"noreferrer noopener nofollow\">iNaturalist<\/a><\/p>\n<\/div>\n<\/div>\n\n\n\t\t\t\t\t<div\n\t\t\t\t\t\tclass=\"wp-block-uagb-image-gallery uagb-block-2363f224     \"\n\t\t\t\t\t\tstyle=\"\"\n\t\t\t\t\t>\n\t\t\t\t\t\t\t\t\t\t\t<div class=\"spectra-image-gallery spectra-image-gallery__layout--masonry spectra-image-gallery__layout--masonry-col-2 spectra-image-gallery__layout--masonry-col-tab-2 spectra-image-gallery__layout--masonry-col-mob-2\">\n\t\t\t\t\t\t\t\t\t\t\t<div class='spectra-image-gallery__media-wrapper--isotope'>\n\t\t\t\t\t\t\t<div class='spectra-image-gallery__media-wrapper' data-spectra-gallery-image-id='438' tabindex=\"0\">\n\t\t\t\t\t\t\t<div class=\"spectra-image-gallery__media spectra-image-gallery__media--masonry\">\n\t\t\t\t<picture>\n\t\t\t\t\t<source media=\"(min-width: 1024px)\" srcset=\"https:\/\/sapiensjmh.top\/biodivimg\/wp-content\/uploads\/2024\/11\/20241012_170747-scaled.jpg\">\n\t\t\t\t\t<source media=\"(min-width: 768px)\" srcset=\"https:\/\/sapiensjmh.top\/biodivimg\/wp-content\/uploads\/2024\/11\/20241012_170747-1024x1024.jpg\">\n\t\t\t\t\t<img decoding=\"async\" class=\"spectra-image-gallery__media-thumbnail spectra-image-gallery__media-thumbnail--masonry\" src=\"https:\/\/sapiensjmh.top\/biodivimg\/wp-content\/uploads\/2024\/11\/20241012_170747-300x300.jpg\" alt=\"\" loading=\"lazy\" \/>\n\t\t\t\t<\/picture>\n\t\t\t\t<div class=\"spectra-image-gallery__media-thumbnail-blurrer\"><\/div>\n\t\t\t\t\t\t\t\t\t\t\t<div class=\"spectra-image-gallery__media-thumbnail-caption-wrapper spectra-image-gallery__media-thumbnail-caption-wrapper--overlay\"><\/div>\n\t\t\t\t\t\t\t\t<\/div>\n\t\t\t\t\t\t<\/div>\n\t\t\t\t\t\t<\/div>\n\t\t\t\t\t\t<div class='spectra-image-gallery__media-wrapper--isotope'>\n\t\t\t\t\t\t\t<div class='spectra-image-gallery__media-wrapper' data-spectra-gallery-image-id='437' tabindex=\"0\">\n\t\t\t\t\t\t\t<div class=\"spectra-image-gallery__media spectra-image-gallery__media--masonry\">\n\t\t\t\t<picture>\n\t\t\t\t\t<source media=\"(min-width: 1024px)\" srcset=\"https:\/\/sapiensjmh.top\/biodivimg\/wp-content\/uploads\/2024\/11\/20241012_170756-scaled.jpg\">\n\t\t\t\t\t<source media=\"(min-width: 768px)\" srcset=\"https:\/\/sapiensjmh.top\/biodivimg\/wp-content\/uploads\/2024\/11\/20241012_170756-1024x1024.jpg\">\n\t\t\t\t\t<img decoding=\"async\" class=\"spectra-image-gallery__media-thumbnail spectra-image-gallery__media-thumbnail--masonry\" src=\"https:\/\/sapiensjmh.top\/biodivimg\/wp-content\/uploads\/2024\/11\/20241012_170756-300x300.jpg\" alt=\"\" loading=\"lazy\" \/>\n\t\t\t\t<\/picture>\n\t\t\t\t<div class=\"spectra-image-gallery__media-thumbnail-blurrer\"><\/div>\n\t\t\t\t\t\t\t\t\t\t\t<div class=\"spectra-image-gallery__media-thumbnail-caption-wrapper spectra-image-gallery__media-thumbnail-caption-wrapper--overlay\"><\/div>\n\t\t\t\t\t\t\t\t<\/div>\n\t\t\t\t\t\t<\/div>\n\t\t\t\t\t\t<\/div>\n\t\t\t\t\t\t\t\t\t\t<\/div>\n\t\t\t\t\t\t\t\t\t\t\t\t\t\t\t\t\t\t<\/div>\n\t\t\t\t\t\t\t\t\t\n\n\n<div style=\"height:400px\" aria-hidden=\"true\" class=\"wp-block-spacer\"><\/div>\n<\/div>\n\n\n\n<div class=\"wp-block-group alignfull is-layout-flow wp-block-group-is-layout-flow\" style=\"border-style:none;border-width:0px;margin-top:0;margin-bottom:0;padding-top:var(--wp--preset--spacing--80);padding-right:var(--wp--preset--spacing--80);padding-bottom:var(--wp--preset--spacing--80);padding-left:var(--wp--preset--spacing--80)\">\n<h4 class=\"wp-block-heading has-primary-color has-text-color has-link-color wp-elements-69a94d0e052bb2ae7f09f2f117a3fb63\" style=\"margin-top:var(--wp--preset--spacing--60);margin-right:var(--wp--preset--spacing--30);margin-bottom:var(--wp--preset--spacing--60);margin-left:var(--wp--preset--spacing--30)\">(1) <em>Fungi &gt;&gt; Basiodomyc\u00e8tes &gt;&gt; esp\u00e8ce ind\u00e9termin\u00e9e<\/em><\/h4>\n\n\n\n<div class=\"wp-block-columns are-vertically-aligned-center is-layout-flex wp-container-core-columns-is-layout-954ec4bb wp-block-columns-is-layout-flex\" style=\"padding-right:var(--wp--preset--spacing--40);padding-left:var(--wp--preset--spacing--40)\">\n<div class=\"wp-block-column is-vertically-aligned-center is-layout-flow wp-block-column-is-layout-flow\" style=\"flex-basis:60%\">\n<p class=\"has-tertiary-color has-text-color has-link-color wp-elements-c65a399732ad7604011fdf47894c8df1\"><em><em><em><em><em>Fungi &gt;&gt; Basiodomyc\u00e8tes &gt;&gt; esp\u00e8ce ind\u00e9termin\u00e9e<\/em><\/em><\/em><\/em><\/em><\/p>\n<\/div>\n\n\n\n<div class=\"wp-block-column is-vertically-aligned-center is-layout-flow wp-block-column-is-layout-flow\" style=\"flex-basis:20%\">\n<p><i class=\"fas fa-link\"><\/i> <a href=\"https:\/\/inpn.mnhn.fr\/\" target=\"_blank\" rel=\"noreferrer noopener nofollow\">INPN<\/a><\/p>\n<\/div>\n\n\n\n<div class=\"wp-block-column is-vertically-aligned-center is-layout-flow wp-block-column-is-layout-flow\" style=\"flex-basis:20%\">\n<p><i class=\"fas fa-link\"><\/i> <a href=\"https:\/\/www.inaturalist.org\/people\/jean-michel_harouy\" target=\"_blank\" rel=\"noreferrer noopener nofollow\">iNaturalist<\/a><\/p>\n<\/div>\n<\/div>\n\n\n\t\t\t\t\t<div\n\t\t\t\t\t\tclass=\"wp-block-uagb-image-gallery uagb-block-b84194c9     \"\n\t\t\t\t\t\tstyle=\"\"\n\t\t\t\t\t>\n\t\t\t\t\t\t\t\t\t\t\t<div class=\"spectra-image-gallery spectra-image-gallery__layout--masonry spectra-image-gallery__layout--masonry-col-2 spectra-image-gallery__layout--masonry-col-tab-2 spectra-image-gallery__layout--masonry-col-mob-2\">\n\t\t\t\t\t\t\t\t\t\t\t<div class='spectra-image-gallery__media-wrapper--isotope'>\n\t\t\t\t\t\t\t<div class='spectra-image-gallery__media-wrapper' data-spectra-gallery-image-id='441' tabindex=\"0\">\n\t\t\t\t\t\t\t<div class=\"spectra-image-gallery__media spectra-image-gallery__media--masonry\">\n\t\t\t\t<picture>\n\t\t\t\t\t<source media=\"(min-width: 1024px)\" srcset=\"https:\/\/sapiensjmh.top\/biodivimg\/wp-content\/uploads\/2024\/11\/20241012_171241-scaled.jpg\">\n\t\t\t\t\t<source media=\"(min-width: 768px)\" srcset=\"https:\/\/sapiensjmh.top\/biodivimg\/wp-content\/uploads\/2024\/11\/20241012_171241-1024x1024.jpg\">\n\t\t\t\t\t<img decoding=\"async\" class=\"spectra-image-gallery__media-thumbnail spectra-image-gallery__media-thumbnail--masonry\" src=\"https:\/\/sapiensjmh.top\/biodivimg\/wp-content\/uploads\/2024\/11\/20241012_171241-300x300.jpg\" alt=\"\" loading=\"lazy\" \/>\n\t\t\t\t<\/picture>\n\t\t\t\t<div class=\"spectra-image-gallery__media-thumbnail-blurrer\"><\/div>\n\t\t\t\t\t\t\t\t\t\t\t<div class=\"spectra-image-gallery__media-thumbnail-caption-wrapper spectra-image-gallery__media-thumbnail-caption-wrapper--overlay\"><\/div>\n\t\t\t\t\t\t\t\t<\/div>\n\t\t\t\t\t\t<\/div>\n\t\t\t\t\t\t<\/div>\n\t\t\t\t\t\t<div class='spectra-image-gallery__media-wrapper--isotope'>\n\t\t\t\t\t\t\t<div class='spectra-image-gallery__media-wrapper' data-spectra-gallery-image-id='442' tabindex=\"0\">\n\t\t\t\t\t\t\t<div class=\"spectra-image-gallery__media spectra-image-gallery__media--masonry\">\n\t\t\t\t<picture>\n\t\t\t\t\t<source media=\"(min-width: 1024px)\" srcset=\"https:\/\/sapiensjmh.top\/biodivimg\/wp-content\/uploads\/2024\/11\/20241012_171251-scaled.jpg\">\n\t\t\t\t\t<source media=\"(min-width: 768px)\" srcset=\"https:\/\/sapiensjmh.top\/biodivimg\/wp-content\/uploads\/2024\/11\/20241012_171251-1024x1024.jpg\">\n\t\t\t\t\t<img decoding=\"async\" class=\"spectra-image-gallery__media-thumbnail spectra-image-gallery__media-thumbnail--masonry\" src=\"https:\/\/sapiensjmh.top\/biodivimg\/wp-content\/uploads\/2024\/11\/20241012_171251-300x300.jpg\" alt=\"\" loading=\"lazy\" \/>\n\t\t\t\t<\/picture>\n\t\t\t\t<div class=\"spectra-image-gallery__media-thumbnail-blurrer\"><\/div>\n\t\t\t\t\t\t\t\t\t\t\t<div class=\"spectra-image-gallery__media-thumbnail-caption-wrapper spectra-image-gallery__media-thumbnail-caption-wrapper--overlay\"><\/div>\n\t\t\t\t\t\t\t\t<\/div>\n\t\t\t\t\t\t<\/div>\n\t\t\t\t\t\t<\/div>\n\t\t\t\t\t\t\t\t\t\t<\/div>\n\t\t\t\t\t\t\t\t\t\t\t\t\t\t\t\t\t\t<\/div>\n\t\t\t\t\t\t\t\t\t\n\n\n<div style=\"height:400px\" aria-hidden=\"true\" class=\"wp-block-spacer\"><\/div>\n<\/div>\n\n\n\n<div class=\"wp-block-group alignfull is-layout-flow wp-block-group-is-layout-flow\" style=\"border-style:none;border-width:0px;margin-top:0;margin-bottom:0;padding-top:var(--wp--preset--spacing--80);padding-right:var(--wp--preset--spacing--80);padding-bottom:var(--wp--preset--spacing--80);padding-left:var(--wp--preset--spacing--80)\">\n<h4 class=\"wp-block-heading has-primary-color has-text-color has-link-color wp-elements-67766892edbab4575a23c18e5933c46e\" style=\"margin-top:var(--wp--preset--spacing--60);margin-right:var(--wp--preset--spacing--30);margin-bottom:var(--wp--preset--spacing--60);margin-left:var(--wp--preset--spacing--30)\">(2) <em>Fungi &gt;&gt; Basiodomyc\u00e8tes &gt;&gt; esp\u00e8ce ind\u00e9termin\u00e9e<\/em><\/h4>\n\n\n\n<div class=\"wp-block-columns are-vertically-aligned-center is-layout-flex wp-container-core-columns-is-layout-954ec4bb wp-block-columns-is-layout-flex\" style=\"padding-right:var(--wp--preset--spacing--40);padding-left:var(--wp--preset--spacing--40)\">\n<div class=\"wp-block-column is-vertically-aligned-center is-layout-flow wp-block-column-is-layout-flow\" style=\"flex-basis:60%\">\n<p class=\"has-tertiary-color has-text-color has-link-color wp-elements-c65a399732ad7604011fdf47894c8df1\"><em><em><em><em><em>Fungi &gt;&gt; Basiodomyc\u00e8tes &gt;&gt; esp\u00e8ce ind\u00e9termin\u00e9e<\/em><\/em><\/em><\/em><\/em><\/p>\n<\/div>\n\n\n\n<div class=\"wp-block-column is-vertically-aligned-center is-layout-flow wp-block-column-is-layout-flow\" style=\"flex-basis:20%\">\n<p><i class=\"fas fa-link\"><\/i> <a href=\"https:\/\/inpn.mnhn.fr\/\" target=\"_blank\" rel=\"noreferrer noopener nofollow\">INPN<\/a><\/p>\n<\/div>\n\n\n\n<div class=\"wp-block-column is-vertically-aligned-center is-layout-flow wp-block-column-is-layout-flow\" style=\"flex-basis:20%\">\n<p><i class=\"fas fa-link\"><\/i> <a href=\"https:\/\/www.inaturalist.org\/\" target=\"_blank\" rel=\"noreferrer noopener nofollow\">iNaturalist<\/a><\/p>\n<\/div>\n<\/div>\n\n\n\t\t\t\t\t<div\n\t\t\t\t\t\tclass=\"wp-block-uagb-image-gallery uagb-block-693ae1bd     \"\n\t\t\t\t\t\tstyle=\"\"\n\t\t\t\t\t>\n\t\t\t\t\t\t\t\t\t\t\t<div class=\"spectra-image-gallery spectra-image-gallery__layout--masonry spectra-image-gallery__layout--masonry-col-1 spectra-image-gallery__layout--masonry-col-tab-1 spectra-image-gallery__layout--masonry-col-mob-1\">\n\t\t\t\t\t\t\t\t\t\t\t<div class='spectra-image-gallery__media-wrapper--isotope'>\n\t\t\t\t\t\t\t<div class='spectra-image-gallery__media-wrapper' data-spectra-gallery-image-id='447' tabindex=\"0\">\n\t\t\t\t\t\t\t<div class=\"spectra-image-gallery__media spectra-image-gallery__media--masonry\">\n\t\t\t\t<picture>\n\t\t\t\t\t<source media=\"(min-width: 1024px)\" srcset=\"https:\/\/sapiensjmh.top\/biodivimg\/wp-content\/uploads\/2024\/11\/20241012_171744-scaled.jpg\">\n\t\t\t\t\t<source media=\"(min-width: 768px)\" srcset=\"https:\/\/sapiensjmh.top\/biodivimg\/wp-content\/uploads\/2024\/11\/20241012_171744-1024x576.jpg\">\n\t\t\t\t\t<img decoding=\"async\" class=\"spectra-image-gallery__media-thumbnail spectra-image-gallery__media-thumbnail--masonry\" src=\"https:\/\/sapiensjmh.top\/biodivimg\/wp-content\/uploads\/2024\/11\/20241012_171744-300x169.jpg\" alt=\"Basidiomycete ind\u00e9termin\u00e9\" loading=\"lazy\" \/>\n\t\t\t\t<\/picture>\n\t\t\t\t<div class=\"spectra-image-gallery__media-thumbnail-blurrer\"><\/div>\n\t\t\t\t\t\t\t\t\t\t\t<div class=\"spectra-image-gallery__media-thumbnail-caption-wrapper spectra-image-gallery__media-thumbnail-caption-wrapper--overlay\"><\/div>\n\t\t\t\t\t\t\t\t<\/div>\n\t\t\t\t\t\t<\/div>\n\t\t\t\t\t\t<\/div>\n\t\t\t\t\t\t\t\t\t\t<\/div>\n\t\t\t\t\t\t\t\t\t\t\t\t\t\t\t\t\t\t<\/div>\n\t\t\t\t\t\t\t\t\t\n\n\n<div style=\"height:400px\" aria-hidden=\"true\" class=\"wp-block-spacer\"><\/div>\n<\/div>\n","protected":false},"excerpt":{"rendered":"<p>Amanite Citrine Amanita citrina INPN iNaturalist (1) Fungi &gt;&gt; Basiodomyc\u00e8tes &gt;&gt; esp\u00e8ce ind\u00e9termin\u00e9e Fungi &gt;&gt; Basiodomyc\u00e8tes &gt;&gt; esp\u00e8ce ind\u00e9termin\u00e9e INPN iNaturalist (2) Fungi &gt;&gt; Basiodomyc\u00e8tes &gt;&gt; esp\u00e8ce ind\u00e9termin\u00e9e Fungi &gt;&gt; Basiodomyc\u00e8tes &gt;&gt; esp\u00e8ce ind\u00e9termin\u00e9e INPN iNaturalist<\/p>\n","protected":false},"author":1,"featured_media":0,"parent":0,"menu_order":0,"comment_status":"closed","ping_status":"closed","template":"","meta":{"inline_featured_image":false,"_uag_custom_page_level_css":"","_themeisle_gutenberg_block_has_review":false,"footnotes":"","_wp_rev_ctl_limit":"2"},"categories":[28],"tags":[59],"class_list":["post-431","page","type-page","status-publish","hentry","category-champignons","tag-champignon"],"featured_image_src":"","featured_image_src_square":false,"rbea_author_info":{"display_name":"Jean-Michel HAROUY","author_link":"https:\/\/sapiensjmh.top\/biodivimg\/author\/admin_biodivimg\/"},"rbea_excerpt_info":"Amanite Citrine Amanita citrina INPN iNaturalist (1) Fungi &gt;&gt; Basiodomyc\u00e8tes &gt;&gt; esp\u00e8ce ind\u00e9termin\u00e9e Fungi &gt;&gt; Basiodomyc\u00e8tes &gt;&gt; esp\u00e8ce ind\u00e9termin\u00e9e INPN iNaturalist (2) Fungi &gt;&gt; Basiodomyc\u00e8tes &gt;&gt; esp\u00e8ce ind\u00e9termin\u00e9e Fungi &gt;&gt; Basiodomyc\u00e8tes &gt;&gt; esp\u00e8ce ind\u00e9termin\u00e9e INPN iNaturalist","uagb_featured_image_src":{"full":false,"thumbnail":false,"medium":false,"medium_large":false,"large":false,"1536x1536":false,"2048x2048":false},"uagb_author_info":{"display_name":"Jean-Michel HAROUY","author_link":"https:\/\/sapiensjmh.top\/biodivimg\/author\/admin_biodivimg\/"},"uagb_comment_info":0,"uagb_excerpt":"Amanite Citrine Amanita citrina INPN iNaturalist (1) Fungi &gt;&gt; Basiodomyc\u00e8tes &gt;&gt; esp\u00e8ce ind\u00e9termin\u00e9e Fungi &gt;&gt; Basiodomyc\u00e8tes &gt;&gt; esp\u00e8ce ind\u00e9termin\u00e9e INPN iNaturalist (2) Fungi &gt;&gt; Basiodomyc\u00e8tes &gt;&gt; esp\u00e8ce ind\u00e9termin\u00e9e Fungi &gt;&gt; Basiodomyc\u00e8tes &gt;&gt; esp\u00e8ce ind\u00e9termin\u00e9e INPN iNaturalist","_links":{"self":[{"href":"https:\/\/sapiensjmh.top\/biodivimg\/wp-json\/wp\/v2\/pages\/431","targetHints":{"allow":["GET"]}}],"collection":[{"href":"https:\/\/sapiensjmh.top\/biodivimg\/wp-json\/wp\/v2\/pages"}],"about":[{"href":"https:\/\/sapiensjmh.top\/biodivimg\/wp-json\/wp\/v2\/types\/page"}],"author":[{"embeddable":true,"href":"https:\/\/sapiensjmh.top\/biodivimg\/wp-json\/wp\/v2\/users\/1"}],"replies":[{"embeddable":true,"href":"https:\/\/sapiensjmh.top\/biodivimg\/wp-json\/wp\/v2\/comments?post=431"}],"version-history":[{"count":2,"href":"https:\/\/sapiensjmh.top\/biodivimg\/wp-json\/wp\/v2\/pages\/431\/revisions"}],"predecessor-version":[{"id":1499,"href":"https:\/\/sapiensjmh.top\/biodivimg\/wp-json\/wp\/v2\/pages\/431\/revisions\/1499"}],"wp:attachment":[{"href":"https:\/\/sapiensjmh.top\/biodivimg\/wp-json\/wp\/v2\/media?parent=431"}],"wp:term":[{"taxonomy":"category","embeddable":true,"href":"https:\/\/sapiensjmh.top\/biodivimg\/wp-json\/wp\/v2\/categories?post=431"},{"taxonomy":"post_tag","embeddable":true,"href":"https:\/\/sapiensjmh.top\/biodivimg\/wp-json\/wp\/v2\/tags?post=431"}],"curies":[{"name":"wp","href":"https:\/\/api.w.org\/{rel}","templated":true}]}}