{"id":141,"date":"2024-10-30T21:58:55","date_gmt":"2024-10-30T21:58:55","guid":{"rendered":"https:\/\/sapiensjmh.top\/biodivimg\/?page_id=141"},"modified":"2025-01-05T08:51:21","modified_gmt":"2025-01-05T08:51:21","slug":"insectes-2","status":"publish","type":"page","link":"https:\/\/sapiensjmh.top\/biodivimg\/animaux\/insectes_araignees_crustaces_et_autres_arthropodes\/insectes-2\/","title":{"rendered":"Insectes"},"content":{"rendered":"\n<div class=\"wp-block-columns is-layout-flex wp-container-core-columns-is-layout-28f84493 wp-block-columns-is-layout-flex\">\n<div class=\"wp-block-column is-layout-constrained wp-container-core-column-is-layout-12243e0f wp-block-column-is-layout-constrained\">\n<div class=\"wp-block-group alignfull has-border-color has-primary-border-color is-vertical is-content-justification-center is-layout-flex wp-container-core-group-is-layout-559f4f8e wp-block-group-is-layout-flex\" style=\"border-width:2px;border-radius:10px;min-height:300px;padding-top:var(--wp--preset--spacing--20);padding-right:var(--wp--preset--spacing--20);padding-bottom:var(--wp--preset--spacing--20);padding-left:var(--wp--preset--spacing--20);box-shadow:var(--wp--preset--shadow--natural)\">\n<figure class=\"wp-block-image size-large is-resized ticss-44b81558 wp-container-content-759e20a8\"><a href=\"https:\/\/sapiensjmh.top\/biodivimg\/animaux\/insectes_araignees_crustaces_et_autres_arthropodes\/insectes-2\/papillons-de-jour\/\"><img loading=\"lazy\" decoding=\"async\" width=\"200\" height=\"200\" src=\"https:\/\/sapiensjmh.top\/biodivimg\/wp-content\/uploads\/2024\/12\/Papillon_icon_200x200px-fb4484.svg\" alt=\"\" class=\"wp-image-938\" style=\"object-fit:cover;width:100px;height:100px\"\/><\/a><\/figure>\n\n\n\n<h4 class=\"wp-block-heading has-text-align-center ticss-95299fcc has-tertiary-color has-text-color has-link-color has-nature-beauty-personal-use-font-family wp-elements-114fca87f6e3e8f5e1998d10a6de1696 wp-container-content-e1bb55cb\" style=\"border-top-style:none;border-top-width:0px;margin-top:0px;font-size:1.6rem\"><a href=\"https:\/\/sapiensjmh.top\/biodivimg\/animaux\/insectes_araignees_crustaces_et_autres_arthropodes\/insectes-2\/papillons-de-jour\/\">Papillons de jour<\/a><\/h4>\n\n\n\n<p class=\"has-text-align-center has-primary-color has-text-color has-link-color wp-elements-0a1eca8d70a0fb092eda07cf5c23b95b\" style=\"margin-top:0px;margin-bottom:0px\">Lepidoptera &gt; Nymphalidae<br>Lepidoptera &gt; Zygaenidae<br>Lepidoptera &gt; Geometridae<br>Lepidoptera &gt; Lycaenidae<\/p>\n<\/div>\n<\/div>\n\n\n\n<div class=\"wp-block-column is-layout-constrained wp-container-core-column-is-layout-12243e0f wp-block-column-is-layout-constrained\">\n<div class=\"wp-block-group alignfull has-border-color has-primary-border-color is-vertical is-content-justification-center is-layout-flex wp-container-core-group-is-layout-559f4f8e wp-block-group-is-layout-flex\" style=\"border-width:2px;border-radius:10px;min-height:300px;padding-top:var(--wp--preset--spacing--20);padding-right:var(--wp--preset--spacing--20);padding-bottom:var(--wp--preset--spacing--20);padding-left:var(--wp--preset--spacing--20);box-shadow:var(--wp--preset--shadow--natural)\">\n<figure class=\"wp-block-image size-large is-resized wp-container-content-759e20a8 wp-duotone-unset-1\"><a href=\"https:\/\/sapiensjmh.top\/biodivimg\/animaux\/insectes_araignees_crustaces_et_autres_arthropodes\/insectes-2\/libellules-et-demoiselles\/\"><img loading=\"lazy\" decoding=\"async\" width=\"200\" height=\"200\" src=\"https:\/\/sapiensjmh.top\/biodivimg\/wp-content\/uploads\/2024\/12\/Libellule_icon_200x200px-1c6fbb.svg\" alt=\"\" class=\"wp-image-928\" style=\"object-fit:cover;width:100px;height:100px\"\/><\/a><\/figure>\n\n\n\n<h4 class=\"wp-block-heading has-text-align-center has-tertiary-color has-text-color has-link-color has-nature-beauty-personal-use-font-family wp-elements-b50360acef94270184e04d2a3f60e79e wp-container-content-e1bb55cb\" style=\"border-top-style:none;border-top-width:0px;margin-top:0px;font-size:1.6rem\"><a href=\"https:\/\/sapiensjmh.top\/biodivimg\/animaux\/insectes_araignees_crustaces_et_autres_arthropodes\/insectes-2\/libellules-et-demoiselles\/\">Libellules et demoiselles<\/a><\/h4>\n\n\n\n<p class=\"has-text-align-center has-primary-color has-text-color has-link-color wp-elements-60cbb0ef963d1a25399b11374d9f3f26\" style=\"margin-top:0px;margin-bottom:0px\">Odonata &gt; Libellulidae<br>Odonata &gt; Calopterygidae<\/p>\n<\/div>\n<\/div>\n\n\n\n<div class=\"wp-block-column is-layout-constrained wp-container-core-column-is-layout-12243e0f wp-block-column-is-layout-constrained\">\n<div class=\"wp-block-group alignfull has-border-color has-primary-border-color is-vertical is-content-justification-center is-layout-flex wp-container-core-group-is-layout-559f4f8e wp-block-group-is-layout-flex\" style=\"border-width:2px;border-radius:10px;min-height:300px;padding-top:var(--wp--preset--spacing--20);padding-right:var(--wp--preset--spacing--20);padding-bottom:var(--wp--preset--spacing--20);padding-left:var(--wp--preset--spacing--20);box-shadow:var(--wp--preset--shadow--natural)\">\n<figure class=\"wp-block-image size-large is-resized wp-container-content-759e20a8\"><img loading=\"lazy\" decoding=\"async\" width=\"200\" height=\"200\" src=\"https:\/\/sapiensjmh.top\/biodivimg\/wp-content\/uploads\/2024\/12\/scarabee_icon_200x200px-ba7335.svg\" alt=\"\" class=\"wp-image-929\" style=\"object-fit:cover;width:100px;height:100px\"\/><\/figure>\n\n\n\n<h4 class=\"wp-block-heading has-text-align-center has-tertiary-color has-text-color has-link-color has-nature-beauty-personal-use-font-family wp-elements-2d47d26622d971bb8efe0780b2d385eb wp-container-content-e1bb55cb\" style=\"border-top-style:none;border-top-width:0px;margin-top:0px;font-size:1.6rem\">Coccinelles, scarab\u00e9es et autres col\u00e9opt\u00e8res<\/h4>\n\n\n\n<p class=\"has-text-align-center has-primary-color has-text-color has-link-color wp-elements-178666042a73af9850e34026b4eb2078\" style=\"margin-top:0px;margin-bottom:0px\">Coleoptera > Chrysomelidae<br>Coleoptera > Pyrochroidae<br>Coleoptera > Scarabaeidae<\/p>\n<\/div>\n<\/div>\n\n\n\n<div class=\"wp-block-column is-layout-constrained wp-container-core-column-is-layout-12243e0f wp-block-column-is-layout-constrained\">\n<div class=\"wp-block-group alignfull has-border-color has-primary-border-color is-vertical is-content-justification-center is-layout-flex wp-container-core-group-is-layout-559f4f8e wp-block-group-is-layout-flex\" style=\"border-width:2px;border-radius:10px;min-height:300px;padding-top:var(--wp--preset--spacing--20);padding-right:var(--wp--preset--spacing--20);padding-bottom:var(--wp--preset--spacing--20);padding-left:var(--wp--preset--spacing--20);box-shadow:var(--wp--preset--shadow--natural)\">\n<figure class=\"wp-block-image size-large is-resized wp-container-content-759e20a8\"><a href=\"https:\/\/sapiensjmh.top\/biodivimg\/animaux\/insectes_araignees_crustaces_et_autres_arthropodes\/insectes-2\/abeilles-guepes-et-fourmis\/\"><img loading=\"lazy\" decoding=\"async\" width=\"200\" height=\"200\" src=\"https:\/\/sapiensjmh.top\/biodivimg\/wp-content\/uploads\/2024\/12\/abeille_icon_200x200px-227f69.svg\" alt=\"\" class=\"wp-image-931\" style=\"object-fit:cover;width:100px;height:100px\"\/><\/a><\/figure>\n\n\n\n<h4 class=\"wp-block-heading has-text-align-center has-tertiary-color has-text-color has-link-color has-nature-beauty-personal-use-font-family wp-elements-1b7bf4c49f7a2cde93b03c25fced18d8 wp-container-content-e1bb55cb\" style=\"border-top-style:none;border-top-width:0px;margin-top:0px;font-size:1.6rem\"><a href=\"https:\/\/sapiensjmh.top\/biodivimg\/animaux\/insectes_araignees_crustaces_et_autres_arthropodes\/insectes-2\/abeilles-guepes-et-fourmis\/\">Abeilles, gu\u00eapes et fourmis<\/a><\/h4>\n\n\n\n<p class=\"has-text-align-center has-primary-color has-text-color has-link-color wp-elements-cf41286c5a2248ee5b565a70809c6426\" style=\"margin-top:0px;margin-bottom:0px\">Hymenoptera > Vespidae<br>Hymenoptera > Halictidae<\/p>\n<\/div>\n<\/div>\n<\/div>\n\n\n\n<div class=\"wp-block-group is-layout-flow wp-block-group-is-layout-flow\" style=\"min-height:25vh\">\n<div class=\"wp-block-columns is-layout-flex wp-container-core-columns-is-layout-28f84493 wp-block-columns-is-layout-flex\">\n<div class=\"wp-block-column is-layout-flow wp-block-column-is-layout-flow\">\n<div class=\"wp-block-group alignfull has-border-color has-primary-border-color is-vertical is-content-justification-center is-layout-flex wp-container-core-group-is-layout-559f4f8e wp-block-group-is-layout-flex\" style=\"border-width:2px;border-radius:10px;min-height:300px;padding-top:var(--wp--preset--spacing--20);padding-right:var(--wp--preset--spacing--20);padding-bottom:var(--wp--preset--spacing--20);padding-left:var(--wp--preset--spacing--20);box-shadow:var(--wp--preset--shadow--natural)\">\n<figure class=\"wp-block-image size-large is-resized wp-container-content-759e20a8\"><img loading=\"lazy\" decoding=\"async\" width=\"200\" height=\"200\" src=\"https:\/\/sapiensjmh.top\/biodivimg\/wp-content\/uploads\/2024\/12\/cigale_icon_200x200px-80af5a.svg\" alt=\"\" class=\"wp-image-933\" style=\"object-fit:cover;width:100px;height:100px\"\/><\/figure>\n\n\n\n<h4 class=\"wp-block-heading has-text-align-center has-tertiary-color has-text-color has-link-color has-nature-beauty-personal-use-font-family wp-elements-a4dd298891212a58bc16e46f888fce27 wp-container-content-e1bb55cb\" style=\"border-top-style:none;border-top-width:0px;margin-top:0px;font-size:1.6rem\">Cigales, punaises, pucerons et cochenilles<\/h4>\n\n\n\n<p class=\"has-text-align-center has-primary-color has-text-color has-link-color wp-elements-6645c202d239934d5d2e85137ab04333\" style=\"margin-top:0px;margin-bottom:0px\">Hemiptera &gt; Cicadidae<\/p>\n<\/div>\n<\/div>\n\n\n\n<div class=\"wp-block-column is-layout-flow wp-block-column-is-layout-flow\">\n<div class=\"wp-block-group alignfull has-border-color has-primary-border-color is-vertical is-content-justification-center is-layout-flex wp-container-core-group-is-layout-559f4f8e wp-block-group-is-layout-flex\" style=\"border-width:2px;border-radius:10px;min-height:300px;padding-top:var(--wp--preset--spacing--20);padding-right:var(--wp--preset--spacing--20);padding-bottom:var(--wp--preset--spacing--20);padding-left:var(--wp--preset--spacing--20);box-shadow:var(--wp--preset--shadow--natural)\">\n<figure class=\"wp-block-image size-large is-resized wp-container-content-759e20a8\"><a href=\"https:\/\/sapiensjmh.top\/biodivimg\/animaux\/insectes_araignees_crustaces_et_autres_arthropodes\/insectes-2\/mouches-et-moustiques\/\"><img loading=\"lazy\" decoding=\"async\" width=\"200\" height=\"200\" src=\"https:\/\/sapiensjmh.top\/biodivimg\/wp-content\/uploads\/2024\/12\/Mouche_icon_200x200px-e3dd1a.svg\" alt=\"\" class=\"wp-image-1159\" style=\"object-fit:cover;width:100px;height:100px\"\/><\/a><\/figure>\n\n\n\n<h4 class=\"wp-block-heading has-text-align-center has-tertiary-color has-text-color has-link-color has-nature-beauty-personal-use-font-family wp-elements-4a9c4f2b5b7a51cc8489c726c85b3a71 wp-container-content-e1bb55cb\" style=\"border-top-style:none;border-top-width:0px;margin-top:0px;font-size:1.6rem\"><a href=\"https:\/\/sapiensjmh.top\/biodivimg\/animaux\/insectes_araignees_crustaces_et_autres_arthropodes\/insectes-2\/mouches-et-moustiques\/\">Mouches et Moustiques<\/a><\/h4>\n\n\n\n<p class=\"has-text-align-center has-primary-color has-text-color has-link-color wp-elements-7a4df0cac738068f04a96f124211da0d\" style=\"margin-top:0px;margin-bottom:0px\">Diptera &gt; Tephritidae<br>Diptera &gt; Syrphidae<br>Diptera &gt; Empididae<\/p>\n<\/div>\n<\/div>\n\n\n\n<div class=\"wp-block-column is-layout-flow wp-block-column-is-layout-flow\">\n<div class=\"wp-block-group alignfull has-border-color has-primary-border-color is-vertical is-content-justification-center is-layout-flex wp-container-core-group-is-layout-559f4f8e wp-block-group-is-layout-flex\" style=\"border-width:2px;border-radius:10px;min-height:300px;padding-top:var(--wp--preset--spacing--20);padding-right:var(--wp--preset--spacing--20);padding-bottom:var(--wp--preset--spacing--20);padding-left:var(--wp--preset--spacing--20);box-shadow:var(--wp--preset--shadow--natural)\">\n<figure class=\"wp-block-image size-large is-resized wp-container-content-759e20a8\"><a href=\"https:\/\/sapiensjmh.top\/biodivimg\/animaux\/insectes_araignees_crustaces_et_autres_arthropodes\/insectes-2\/papillons-de-nuit\/\"><img loading=\"lazy\" decoding=\"async\" width=\"200\" height=\"200\" src=\"https:\/\/sapiensjmh.top\/biodivimg\/wp-content\/uploads\/2024\/12\/Papillon-nuit_icon_200x200px-6f52cb.svg\" alt=\"\" class=\"wp-image-1242\" style=\"object-fit:cover;width:100px;height:100px\"\/><\/a><\/figure>\n\n\n\n<h4 class=\"wp-block-heading has-text-align-center has-tertiary-color has-text-color has-link-color has-nature-beauty-personal-use-font-family wp-elements-4f222d8c39426f9ec4ad9845105b33f3 wp-container-content-e1bb55cb\" style=\"border-top-style:none;border-top-width:0px;margin-top:0px;font-size:1.6rem\"><a href=\"https:\/\/sapiensjmh.top\/biodivimg\/animaux\/insectes_araignees_crustaces_et_autres_arthropodes\/insectes-2\/papillons-de-nuit\/\">Papillons de nuit<\/a><\/h4>\n\n\n\n<p class=\"has-text-align-center has-primary-color has-text-color has-link-color wp-elements-92ce81870e0f844857bb3b15b2aca67a\" style=\"margin-top:0px;margin-bottom:0px\">Lepidoptera > Lasiocampidae<\/p>\n<\/div>\n<\/div>\n\n\n\n<div class=\"wp-block-column is-layout-flow wp-block-column-is-layout-flow\">\n<div class=\"wp-block-group alignfull has-border-color has-primary-border-color is-vertical is-content-justification-center is-layout-flex wp-container-core-group-is-layout-559f4f8e wp-block-group-is-layout-flex\" style=\"border-width:2px;border-radius:10px;min-height:300px;padding-top:var(--wp--preset--spacing--20);padding-right:var(--wp--preset--spacing--20);padding-bottom:var(--wp--preset--spacing--20);padding-left:var(--wp--preset--spacing--20);box-shadow:var(--wp--preset--shadow--natural)\">\n<figure class=\"wp-block-image size-large is-resized wp-container-content-759e20a8\"><a href=\"https:\/\/sapiensjmh.top\/biodivimg\/animaux\/insectes_araignees_crustaces_et_autres_arthropodes\/insectes-2\/sauterelles-grillons-et-criquets\/\"><img loading=\"lazy\" decoding=\"async\" width=\"200\" height=\"200\" src=\"https:\/\/sapiensjmh.top\/biodivimg\/wp-content\/uploads\/2025\/01\/Sauterelle-grillons-criquets_icon_200x200px-dd013d.svg\" alt=\"\" class=\"wp-image-1340\" style=\"object-fit:cover;width:100px;height:100px\"\/><\/a><\/figure>\n\n\n\n<h4 class=\"wp-block-heading has-text-align-center has-tertiary-color has-text-color has-link-color has-nature-beauty-personal-use-font-family wp-elements-97de35977ed1f6114e018b81cf560123 wp-container-content-e1bb55cb\" style=\"border-top-style:none;border-top-width:0px;margin-top:0px;font-size:1.6rem\"><a href=\"https:\/\/sapiensjmh.top\/biodivimg\/animaux\/insectes_araignees_crustaces_et_autres_arthropodes\/insectes-2\/sauterelles-grillons-et-criquets\/\">Sauterelles, grillons et criquets<\/a><\/h4>\n\n\n\n<p class=\"has-text-align-center has-primary-color has-text-color has-link-color wp-elements-164ee798d8657b1de0eb2ea9138395cf\" style=\"margin-top:0px;margin-bottom:0px\">Orthoptera > Tettigoniidae<\/p>\n<\/div>\n<\/div>\n<\/div>\n<\/div>\n\n\n\n<p><\/p>\n","protected":false},"excerpt":{"rendered":"<p>Papillons de jour Lepidoptera &gt; NymphalidaeLepidoptera &gt; ZygaenidaeLepidoptera &gt; GeometridaeLepidoptera &gt; Lycaenidae Libellules et demoiselles Odonata &gt; LibellulidaeOdonata &gt; Calopterygidae Coccinelles, scarab\u00e9es et autres col\u00e9opt\u00e8res Coleoptera > ChrysomelidaeColeoptera > PyrochroidaeColeoptera > Scarabaeidae Abeilles, gu\u00eapes et fourmis Hymenoptera > VespidaeHymenoptera > Halictidae Cigales, punaises, pucerons et cochenilles Hemiptera &gt; Cicadidae Mouches et Moustiques Diptera &gt; TephritidaeDiptera [&hellip;]<\/p>\n","protected":false},"author":1,"featured_media":0,"parent":61,"menu_order":0,"comment_status":"closed","ping_status":"closed","template":"","meta":{"inline_featured_image":false,"_uag_custom_page_level_css":"","_themeisle_gutenberg_block_has_review":false,"footnotes":"","_wp_rev_ctl_limit":"2"},"categories":[19],"tags":[122,17,120,39,18,116,123,36,56,14,40,119,114,115,118,103,124,121],"class_list":["post-141","page","type-page","status-publish","hentry","category-insectes","tag-abeille","tag-arthropodes","tag-coccinelle","tag-coleopteres","tag-cuticulates","tag-diptere","tag-guepe","tag-hemipteres","tag-hymenopteres","tag-insectes","tag-lepidopteres","tag-libellule","tag-mouche","tag-moustique","tag-odonate","tag-papillon","tag-punaise","tag-scarabee"],"featured_image_src":"","featured_image_src_square":false,"rbea_author_info":{"display_name":"Jean-Michel HAROUY","author_link":"https:\/\/sapiensjmh.top\/biodivimg\/author\/admin_biodivimg\/"},"rbea_excerpt_info":"Papillons de jour Lepidoptera &gt; NymphalidaeLepidoptera &gt; ZygaenidaeLepidoptera &gt; GeometridaeLepidoptera &gt; Lycaenidae Libellules et demoiselles Odonata &gt; LibellulidaeOdonata &gt; Calopterygidae Coccinelles, scarab\u00e9es et autres col\u00e9opt\u00e8res Coleoptera > ChrysomelidaeColeoptera > PyrochroidaeColeoptera > Scarabaeidae Abeilles, gu\u00eapes et fourmis Hymenoptera > VespidaeHymenoptera > Halictidae Cigales, punaises, pucerons et cochenilles Hemiptera &gt; Cicadidae Mouches et Moustiques Diptera &gt; TephritidaeDiptera [&hellip;]","uagb_featured_image_src":{"full":false,"thumbnail":false,"medium":false,"medium_large":false,"large":false,"1536x1536":false,"2048x2048":false},"uagb_author_info":{"display_name":"Jean-Michel HAROUY","author_link":"https:\/\/sapiensjmh.top\/biodivimg\/author\/admin_biodivimg\/"},"uagb_comment_info":0,"uagb_excerpt":"Papillons de jour Lepidoptera &gt; NymphalidaeLepidoptera &gt; ZygaenidaeLepidoptera &gt; GeometridaeLepidoptera &gt; Lycaenidae Libellules et demoiselles Odonata &gt; LibellulidaeOdonata &gt; Calopterygidae Coccinelles, scarab\u00e9es et autres col\u00e9opt\u00e8res Coleoptera > ChrysomelidaeColeoptera > PyrochroidaeColeoptera > Scarabaeidae Abeilles, gu\u00eapes et fourmis Hymenoptera > VespidaeHymenoptera > Halictidae Cigales, punaises, pucerons et cochenilles Hemiptera &gt; Cicadidae Mouches et Moustiques Diptera &gt; TephritidaeDiptera\u2026","_links":{"self":[{"href":"https:\/\/sapiensjmh.top\/biodivimg\/wp-json\/wp\/v2\/pages\/141","targetHints":{"allow":["GET"]}}],"collection":[{"href":"https:\/\/sapiensjmh.top\/biodivimg\/wp-json\/wp\/v2\/pages"}],"about":[{"href":"https:\/\/sapiensjmh.top\/biodivimg\/wp-json\/wp\/v2\/types\/page"}],"author":[{"embeddable":true,"href":"https:\/\/sapiensjmh.top\/biodivimg\/wp-json\/wp\/v2\/users\/1"}],"replies":[{"embeddable":true,"href":"https:\/\/sapiensjmh.top\/biodivimg\/wp-json\/wp\/v2\/comments?post=141"}],"version-history":[{"count":2,"href":"https:\/\/sapiensjmh.top\/biodivimg\/wp-json\/wp\/v2\/pages\/141\/revisions"}],"predecessor-version":[{"id":1382,"href":"https:\/\/sapiensjmh.top\/biodivimg\/wp-json\/wp\/v2\/pages\/141\/revisions\/1382"}],"up":[{"embeddable":true,"href":"https:\/\/sapiensjmh.top\/biodivimg\/wp-json\/wp\/v2\/pages\/61"}],"wp:attachment":[{"href":"https:\/\/sapiensjmh.top\/biodivimg\/wp-json\/wp\/v2\/media?parent=141"}],"wp:term":[{"taxonomy":"category","embeddable":true,"href":"https:\/\/sapiensjmh.top\/biodivimg\/wp-json\/wp\/v2\/categories?post=141"},{"taxonomy":"post_tag","embeddable":true,"href":"https:\/\/sapiensjmh.top\/biodivimg\/wp-json\/wp\/v2\/tags?post=141"}],"curies":[{"name":"wp","href":"https:\/\/api.w.org\/{rel}","templated":true}]}}