{"id":1022,"date":"2024-12-13T11:58:44","date_gmt":"2024-12-13T11:58:44","guid":{"rendered":"https:\/\/sapiensjmh.top\/biodivimg\/?page_id=1022"},"modified":"2024-12-13T11:59:09","modified_gmt":"2024-12-13T11:59:09","slug":"mousses","status":"publish","type":"page","link":"https:\/\/sapiensjmh.top\/biodivimg\/plantes-vegetaux\/mousses\/","title":{"rendered":"Mousses"},"content":{"rendered":"\n<div class=\"wp-block-group alignfull is-layout-flow wp-block-group-is-layout-flow\">\n<div class=\"wp-block-uagb-tabs uagb-block-c62e34cf uagb-tabs__wrap uagb-tabs__hstyle1-desktop uagb-tabs__vstyle6-tablet uagb-tabs__stack1-mobile\" data-tab-active=\"2\"><ul class=\"uagb-tabs__panel uagb-tabs__align-left\" role=\"tablist\"><li class=\"uagb-tab \" role=\"none\"><a href=\"#uagb-tabs__tab0\" class=\"uagb-tabs-list uagb-tabs__icon-position-left\" data-tab=\"0\" role=\"tab\"><span class=\"uagb-tabs__icon\"><svg xmlns=\"https:\/\/www.w3.org\/2000\/svg\" viewBox=\"0 0 320 512\"><path d=\"M310.6 246.6l-127.1 128C176.4 380.9 168.2 384 160 384s-16.38-3.125-22.63-9.375l-127.1-128C.2244 237.5-2.516 223.7 2.438 211.8S19.07 192 32 192h255.1c12.94 0 24.62 7.781 29.58 19.75S319.8 237.5 310.6 246.6z\"><\/path><\/svg><\/span><div>Taxons Parents<\/div><\/a><\/li><li class=\"uagb-tab \" role=\"none\"><a href=\"#uagb-tabs__tab1\" class=\"uagb-tabs-list uagb-tabs__icon-position-left\" data-tab=\"1\" role=\"tab\"><span class=\"uagb-tabs__icon\"><svg xmlns=\"https:\/\/www.w3.org\/2000\/svg\" viewBox=\"0 0 320 512\"><path d=\"M310.6 246.6l-127.1 128C176.4 380.9 168.2 384 160 384s-16.38-3.125-22.63-9.375l-127.1-128C.2244 237.5-2.516 223.7 2.438 211.8S19.07 192 32 192h255.1c12.94 0 24.62 7.781 29.58 19.75S319.8 237.5 310.6 246.6z\"><\/path><\/svg><\/span><div>Taxons proches<\/div><\/a><\/li><li class=\"uagb-tab uagb-tabs__active\" role=\"none\"><a href=\"#uagb-tabs__tab2\" class=\"uagb-tabs-list uagb-tabs__icon-position-left\" data-tab=\"2\" role=\"tab\"><span class=\"uagb-tabs__icon\"><svg xmlns=\"https:\/\/www.w3.org\/2000\/svg\" viewBox=\"0 0 320 512\"><path d=\"M310.6 246.6l-127.1 128C176.4 380.9 168.2 384 160 384s-16.38-3.125-22.63-9.375l-127.1-128C.2244 237.5-2.516 223.7 2.438 211.8S19.07 192 32 192h255.1c12.94 0 24.62 7.781 29.58 19.75S319.8 237.5 310.6 246.6z\"><\/path><\/svg><\/span><div>Taxon : esp\u00e8ces<\/div><\/a><\/li><\/ul><div class=\"uagb-tabs__body-wrap\">\n<div class=\"wp-block-uagb-tabs-child uagb-tabs__body-container uagb-inner-tab-0\" aria-labelledby=\"uagb-tabs__tab0\">\n<!-- Page-list plugin v.5.9 wordpress.org\/plugins\/page-list\/ -->\n<ul class=\"page-list \">\n<li class=\"page_item page-item-41 page_item_has_children\"><a href=\"https:\/\/sapiensjmh.top\/biodivimg\/animaux\/\">Animaux<\/a>\n<ul class='children'>\n\t<li class=\"page_item page-item-61 page_item_has_children\"><a href=\"https:\/\/sapiensjmh.top\/biodivimg\/animaux\/insectes_araignees_crustaces_et_autres_arthropodes\/\">Insectes, Araign\u00e9es, Crustac\u00e9s et autres arthropodes<\/a>\n\t<ul class='children'>\n\t\t<li class=\"page_item page-item-143\"><a href=\"https:\/\/sapiensjmh.top\/biodivimg\/animaux\/insectes_araignees_crustaces_et_autres_arthropodes\/insectes\/\">Araign\u00e9es et Scorpions<\/a><\/li>\n\t\t<li class=\"page_item page-item-144\"><a href=\"https:\/\/sapiensjmh.top\/biodivimg\/animaux\/insectes_araignees_crustaces_et_autres_arthropodes\/insectes-4\/\">Autres arthropodes<\/a><\/li>\n\t\t<li class=\"page_item page-item-142\"><a href=\"https:\/\/sapiensjmh.top\/biodivimg\/animaux\/insectes_araignees_crustaces_et_autres_arthropodes\/insectes-3\/\">Crustac\u00e9s<\/a><\/li>\n\t\t<li class=\"page_item page-item-141 page_item_has_children\"><a href=\"https:\/\/sapiensjmh.top\/biodivimg\/animaux\/insectes_araignees_crustaces_et_autres_arthropodes\/insectes-2\/\">Insectes<\/a>\n\t\t<ul class='children'>\n\t\t\t<li class=\"page_item page-item-265\"><a href=\"https:\/\/sapiensjmh.top\/biodivimg\/animaux\/insectes_araignees_crustaces_et_autres_arthropodes\/insectes-2\/abeilles-guepes-et-fourmis\/\">Abeilles, gu\u00eapes et fourmis<\/a><\/li>\n\t\t\t<li class=\"page_item page-item-151\"><a href=\"https:\/\/sapiensjmh.top\/biodivimg\/animaux\/insectes_araignees_crustaces_et_autres_arthropodes\/insectes-2\/cigales-punaises-pucerons-et-cochenilles\/\">Cigales, punaises, pucerons et cochenilles<\/a><\/li>\n\t\t\t<li class=\"page_item page-item-192\"><a href=\"https:\/\/sapiensjmh.top\/biodivimg\/animaux\/insectes_araignees_crustaces_et_autres_arthropodes\/insectes-2\/coccinelles-scarabees-et-autres-coleopteres\/\">Coccinelles, scarab\u00e9es et autres col\u00e9opt\u00e8res<\/a><\/li>\n\t\t\t<li class=\"page_item page-item-953\"><a href=\"https:\/\/sapiensjmh.top\/biodivimg\/animaux\/insectes_araignees_crustaces_et_autres_arthropodes\/insectes-2\/libellules-et-demoiselles\/\">Libellules et demoiselles<\/a><\/li>\n\t\t\t<li class=\"page_item page-item-1162\"><a href=\"https:\/\/sapiensjmh.top\/biodivimg\/animaux\/insectes_araignees_crustaces_et_autres_arthropodes\/insectes-2\/mouches-et-moustiques\/\">Mouches et Moustiques<\/a><\/li>\n\t\t\t<li class=\"page_item page-item-1089\"><a href=\"https:\/\/sapiensjmh.top\/biodivimg\/animaux\/insectes_araignees_crustaces_et_autres_arthropodes\/insectes-2\/papillons-de-jour\/\">Papillons de jour<\/a><\/li>\n\t\t\t<li class=\"page_item page-item-1244\"><a href=\"https:\/\/sapiensjmh.top\/biodivimg\/animaux\/insectes_araignees_crustaces_et_autres_arthropodes\/insectes-2\/papillons-de-nuit\/\">Papillons de nuit<\/a><\/li>\n\t\t\t<li class=\"page_item page-item-1342\"><a href=\"https:\/\/sapiensjmh.top\/biodivimg\/animaux\/insectes_araignees_crustaces_et_autres_arthropodes\/insectes-2\/sauterelles-grillons-et-criquets\/\">Sauterelles, grillons et criquets<\/a><\/li>\n\t\t<\/ul>\n<\/li>\n\t<\/ul>\n<\/li>\n\t<li class=\"page_item page-item-210 page_item_has_children\"><a href=\"https:\/\/sapiensjmh.top\/biodivimg\/animaux\/vertebres\/\">Vert\u00e9br\u00e9s<\/a>\n\t<ul class='children'>\n\t\t<li class=\"page_item page-item-419 page_item_has_children\"><a href=\"https:\/\/sapiensjmh.top\/biodivimg\/animaux\/vertebres\/mammiferes\/\">Mammif\u00e8res<\/a>\n\t\t<ul class='children'>\n\t\t\t<li class=\"page_item page-item-853\"><a href=\"https:\/\/sapiensjmh.top\/biodivimg\/animaux\/vertebres\/mammiferes\/rongeurs-lievres-et-lapins\/\">Rongeurs, li\u00e8vres et lapins<\/a><\/li>\n\t\t<\/ul>\n<\/li>\n\t\t<li class=\"page_item page-item-66 page_item_has_children\"><a href=\"https:\/\/sapiensjmh.top\/biodivimg\/animaux\/vertebres\/oiseaux\/\">Oiseaux<\/a>\n\t\t<ul class='children'>\n\t\t\t<li class=\"page_item page-item-638\"><a href=\"https:\/\/sapiensjmh.top\/biodivimg\/animaux\/vertebres\/oiseaux\/canards-oies-et-cygnes\/\">Canards, oies et cygnes<\/a><\/li>\n\t\t\t<li class=\"page_item page-item-573\"><a href=\"https:\/\/sapiensjmh.top\/biodivimg\/animaux\/vertebres\/oiseaux\/herons-spatules-et-pelicans\/\">H\u00e9rons, spatules et p\u00e9licans<\/a><\/li>\n\t\t\t<li class=\"page_item page-item-462\"><a href=\"https:\/\/sapiensjmh.top\/biodivimg\/animaux\/vertebres\/oiseaux\/mesanges-moineaux-pinsons-et-autres-passereaux\/\">M\u00e9sanges, moineaux, pinsons et autres passereaux<\/a><\/li>\n\t\t\t<li class=\"page_item page-item-667\"><a href=\"https:\/\/sapiensjmh.top\/biodivimg\/animaux\/vertebres\/oiseaux\/mouettes-goelands-sternes-et-becasses\/\">Mouettes, go\u00e9lands, sternes et b\u00e9casses<\/a><\/li>\n\t\t\t<li class=\"page_item page-item-199\"><a href=\"https:\/\/sapiensjmh.top\/biodivimg\/animaux\/vertebres\/oiseaux\/rapaces_diurnes\/\">Rapaces diurnes<\/a><\/li>\n\t\t<\/ul>\n<\/li>\n\t<\/ul>\n<\/li>\n<\/ul>\n<\/li>\n<li class=\"page_item page-item-431\"><a href=\"https:\/\/sapiensjmh.top\/biodivimg\/champignons\/\">Champignons<\/a><\/li>\n<li class=\"page_item page-item-734\"><a href=\"https:\/\/sapiensjmh.top\/biodivimg\/insolites\/\">Insolites<\/a><\/li>\n<li class=\"page_item page-item-70 page_item_has_children\"><a href=\"https:\/\/sapiensjmh.top\/biodivimg\/plantes-vegetaux\/\">Plantes (v\u00e9g\u00e9taux)<\/a>\n<ul class='children'>\n\t<li class=\"page_item page-item-1022\"><a href=\"https:\/\/sapiensjmh.top\/biodivimg\/plantes-vegetaux\/mousses\/\">Mousses<\/a><\/li>\n\t<li class=\"page_item page-item-1007 page_item_has_children\"><a href=\"https:\/\/sapiensjmh.top\/biodivimg\/plantes-vegetaux\/plantes-a-fleurs-a-fruits-a-graines\/\">Plantes \u00e0 fleurs, \u00e0 fruits, \u00e0 graines<\/a>\n\t<ul class='children'>\n\t\t<li class=\"page_item page-item-1110\"><a href=\"https:\/\/sapiensjmh.top\/biodivimg\/plantes-vegetaux\/plantes-a-fleurs-a-fruits-a-graines\/autres-familles\/\">Autres Familles<\/a><\/li>\n\t\t<li class=\"page_item page-item-1326\"><a href=\"https:\/\/sapiensjmh.top\/biodivimg\/plantes-vegetaux\/plantes-a-fleurs-a-fruits-a-graines\/caryophyllacees\/\">Caryophyllac\u00e9es<\/a><\/li>\n\t\t<li class=\"page_item page-item-1030\"><a href=\"https:\/\/sapiensjmh.top\/biodivimg\/plantes-vegetaux\/plantes-a-fleurs-a-fruits-a-graines\/orchidees\/\">Orchid\u00e9es<\/a><\/li>\n\t<\/ul>\n<\/li>\n\t<li class=\"page_item page-item-1015\"><a href=\"https:\/\/sapiensjmh.top\/biodivimg\/plantes-vegetaux\/preles-et-fougeres\/\">Pr\u00eales et Foug\u00e8res<\/a><\/li>\n<\/ul>\n<\/li>\n<li class=\"page_item page-item-68\"><a href=\"https:\/\/sapiensjmh.top\/biodivimg\/roches-mineraux-et-fossiles\/\">Roches, min\u00e9raux et fossiles<\/a><\/li>\n\n<\/ul>\n<\/div>\n\n\n\n<div class=\"wp-block-uagb-tabs-child uagb-tabs__body-container uagb-inner-tab-1\" aria-labelledby=\"uagb-tabs__tab1\">\n<!-- Page-list plugin v.5.9 wordpress.org\/plugins\/page-list\/ -->\n<ul class=\"page-list siblings-page-list \">\n<li class=\"page_item page-item-1007 page_item_has_children\"><a href=\"https:\/\/sapiensjmh.top\/biodivimg\/plantes-vegetaux\/plantes-a-fleurs-a-fruits-a-graines\/\">Plantes \u00e0 fleurs, \u00e0 fruits, \u00e0 graines<\/a>\n<ul class='children'>\n\t<li class=\"page_item page-item-1110\"><a href=\"https:\/\/sapiensjmh.top\/biodivimg\/plantes-vegetaux\/plantes-a-fleurs-a-fruits-a-graines\/autres-familles\/\">Autres Familles<\/a><\/li>\n\t<li class=\"page_item page-item-1326\"><a href=\"https:\/\/sapiensjmh.top\/biodivimg\/plantes-vegetaux\/plantes-a-fleurs-a-fruits-a-graines\/caryophyllacees\/\">Caryophyllac\u00e9es<\/a><\/li>\n\t<li class=\"page_item page-item-1030\"><a href=\"https:\/\/sapiensjmh.top\/biodivimg\/plantes-vegetaux\/plantes-a-fleurs-a-fruits-a-graines\/orchidees\/\">Orchid\u00e9es<\/a><\/li>\n<\/ul>\n<\/li>\n<li class=\"page_item page-item-1015\"><a href=\"https:\/\/sapiensjmh.top\/biodivimg\/plantes-vegetaux\/preles-et-fougeres\/\">Pr\u00eales et Foug\u00e8res<\/a><\/li>\n\n<\/ul>\n<\/div>\n\n\n\n<div class=\"wp-block-uagb-tabs-child uagb-tabs__body-container uagb-inner-tab-2\" aria-labelledby=\"uagb-tabs__tab2\">\t\t\t\t<div class=\"wp-block-uagb-table-of-contents uagb-toc__align-left uagb-toc__columns-1  uagb-block-c2c92f15      \"\n\t\t\t\t\tdata-scroll= \"1\"\n\t\t\t\t\tdata-offset= \"30\"\n\t\t\t\t\tstyle=\"\"\n\t\t\t\t>\n\t\t\t\t<div class=\"uagb-toc__wrap\">\n\t\t\t\t\t\t<div class=\"uagb-toc__title\">\n\t\t\t\t\t\t\tTaxon : Esp\u00e8ces\t\t\t\t\t\t<\/div>\n\t\t\t\t\t\t\t\t\t\t\t\t\t\t\t\t\t\t\t\t\t\t<div class=\"uagb-toc__list-wrap \">\n\t\t\t\t\t\t<ol class=\"uagb-toc__list\"><li class=\"uagb-toc__list\"><a href=\"#nom-vernaculaire\" class=\"uagb-toc-link__trigger\">Nom vernaculaire<\/a><\/ol>\t\t\t\t\t<\/div>\n\t\t\t\t\t\t\t\t\t<\/div>\n\t\t\t\t<\/div>\n\t\t\t<\/div>\n<\/div><\/div>\n\n\n\n<div style=\"height:400px\" aria-hidden=\"true\" class=\"wp-block-spacer\"><\/div>\n<\/div>\n\n\n\n<div class=\"wp-block-group alignfull is-layout-flow wp-block-group-is-layout-flow\" style=\"border-style:none;border-width:0px;margin-top:0;margin-bottom:0;padding-top:var(--wp--preset--spacing--80);padding-right:var(--wp--preset--spacing--80);padding-bottom:var(--wp--preset--spacing--80);padding-left:var(--wp--preset--spacing--80)\">\n<div class=\"wp-block-columns has-background is-layout-flex wp-container-core-columns-is-layout-778d0820 wp-block-columns-is-layout-flex\" style=\"background-color:#7be8841c;margin-top:0;margin-bottom:0;padding-top:var(--wp--preset--spacing--20);padding-right:var(--wp--preset--spacing--20);padding-bottom:var(--wp--preset--spacing--20);padding-left:var(--wp--preset--spacing--20)\">\n<div class=\"wp-block-column is-vertically-aligned-center is-layout-flow wp-block-column-is-layout-flow\" style=\"flex-basis:50%\">\n<h4 class=\"wp-block-heading has-primary-color has-text-color has-link-color wp-elements-4376e89bdb7293f8a14befbcaf0e12e1\" style=\"margin-top:var(--wp--preset--spacing--20);margin-right:var(--wp--preset--spacing--20);margin-bottom:var(--wp--preset--spacing--20);margin-left:var(--wp--preset--spacing--20)\"><em>Nom vernaculaire<\/em><\/h4>\n<\/div>\n\n\n\n<div class=\"wp-block-column is-vertically-aligned-center is-layout-flow wp-block-column-is-layout-flow\" style=\"flex-basis:50%\">\n<h3 class=\"wp-block-heading has-text-align-right has-tertiary-color has-text-color has-link-color has-large-font-size wp-elements-f7f3338ba9bea8ef803cae6f1fc481e3\" style=\"padding-top:var(--wp--preset--spacing--20);padding-right:var(--wp--preset--spacing--20);padding-bottom:var(--wp--preset--spacing--20);padding-left:var(--wp--preset--spacing--20)\"><em><em>Nom scientifique<\/em><\/em><\/h3>\n<\/div>\n<\/div>\n\n\n\n<div class=\"wp-block-columns are-vertically-aligned-center is-layout-flex wp-container-core-columns-is-layout-954ec4bb wp-block-columns-is-layout-flex\" style=\"padding-right:var(--wp--preset--spacing--40);padding-left:var(--wp--preset--spacing--40)\">\n<div class=\"wp-block-column is-vertically-aligned-center is-layout-flow wp-block-column-is-layout-flow\" style=\"flex-basis:45%\">\n<p class=\"has-primary-color has-text-color has-link-color wp-elements-e082987994a7cfbfb769c3c31bb6fc3c\"><i class=\"fas fa-link\"><\/i> Fiche descriptive sur le site de l&rsquo;<a href=\"https:\/\/inpn.mnhn.fr\/espece\/cd_nom\/4582\" target=\"_blank\" rel=\"noreferrer noopener nofollow\">INPN<\/a><\/p>\n<\/div>\n\n\n\n<div class=\"wp-block-column is-vertically-aligned-center is-layout-flow wp-block-column-is-layout-flow\" style=\"flex-basis:10%\">\n<p><\/p>\n<\/div>\n\n\n\n<div class=\"wp-block-column is-vertically-aligned-center is-layout-flow wp-block-column-is-layout-flow\" style=\"flex-basis:45%\">\n<p><i class=\"fas fa-link\"><\/i> Dates et localisations de mes observations sur <a href=\"https:\/\/www.inaturalist.org\/observations?place_id=any&amp;user_id=jean-michel_harouy&amp;verifiable=any\" target=\"_blank\" rel=\"noreferrer noopener nofollow\">iNaturalist<\/a><\/p>\n<\/div>\n<\/div>\n\n\n\t\t\t\t\t<div\n\t\t\t\t\t\tclass=\"wp-block-uagb-image-gallery uagb-block-299010e8     \"\n\t\t\t\t\t\tstyle=\"\"\n\t\t\t\t\t>\n\t\t\t\t\t\t\t\t\t\t\t<div class=\"spectra-image-gallery spectra-image-gallery__layout--masonry spectra-image-gallery__layout--masonry-col-3 spectra-image-gallery__layout--masonry-col-tab-3 spectra-image-gallery__layout--masonry-col-mob-2\">\n\t\t\t\t\t\t\t\t\t\t\t<div class='spectra-image-gallery__media-wrapper--isotope'>\n\t\t\t\t\t\t\t<div class='spectra-image-gallery__media-wrapper' data-spectra-gallery-image-id='400' tabindex=\"0\">\n\t\t\t\t\t\t\t<div class=\"spectra-image-gallery__media spectra-image-gallery__media--masonry\">\n\t\t\t\t<picture>\n\t\t\t\t\t<source media=\"(min-width: 1024px)\" srcset=\"https:\/\/sapiensjmh.top\/biodivimg\/wp-content\/uploads\/2024\/11\/galerie_photo01.jpg\">\n\t\t\t\t\t<source media=\"(min-width: 768px)\" srcset=\"https:\/\/sapiensjmh.top\/biodivimg\/wp-content\/uploads\/2024\/11\/galerie_photo01.jpg\">\n\t\t\t\t\t<img decoding=\"async\" class=\"spectra-image-gallery__media-thumbnail spectra-image-gallery__media-thumbnail--masonry\" src=\"https:\/\/sapiensjmh.top\/biodivimg\/wp-content\/uploads\/2024\/11\/galerie_photo01-300x225.jpg\" alt=\"galerie_photo01\" loading=\"lazy\" \/>\n\t\t\t\t<\/picture>\n\t\t\t\t<div class=\"spectra-image-gallery__media-thumbnail-blurrer\"><\/div>\n\t\t\t\t\t\t\t\t\t\t\t<div class=\"spectra-image-gallery__media-thumbnail-caption-wrapper spectra-image-gallery__media-thumbnail-caption-wrapper--overlay\"><\/div>\n\t\t\t\t\t\t\t\t<\/div>\n\t\t\t\t\t\t<\/div>\n\t\t\t\t\t\t<\/div>\n\t\t\t\t\t\t<div class='spectra-image-gallery__media-wrapper--isotope'>\n\t\t\t\t\t\t\t<div class='spectra-image-gallery__media-wrapper' data-spectra-gallery-image-id='401' tabindex=\"0\">\n\t\t\t\t\t\t\t<div class=\"spectra-image-gallery__media spectra-image-gallery__media--masonry\">\n\t\t\t\t<picture>\n\t\t\t\t\t<source media=\"(min-width: 1024px)\" srcset=\"https:\/\/sapiensjmh.top\/biodivimg\/wp-content\/uploads\/2024\/11\/galerie_photo02.jpg\">\n\t\t\t\t\t<source media=\"(min-width: 768px)\" srcset=\"https:\/\/sapiensjmh.top\/biodivimg\/wp-content\/uploads\/2024\/11\/galerie_photo02.jpg\">\n\t\t\t\t\t<img decoding=\"async\" class=\"spectra-image-gallery__media-thumbnail spectra-image-gallery__media-thumbnail--masonry\" src=\"https:\/\/sapiensjmh.top\/biodivimg\/wp-content\/uploads\/2024\/11\/galerie_photo02-300x225.jpg\" alt=\"galerie_photo02\" loading=\"lazy\" \/>\n\t\t\t\t<\/picture>\n\t\t\t\t<div class=\"spectra-image-gallery__media-thumbnail-blurrer\"><\/div>\n\t\t\t\t\t\t\t\t\t\t\t<div class=\"spectra-image-gallery__media-thumbnail-caption-wrapper spectra-image-gallery__media-thumbnail-caption-wrapper--overlay\"><\/div>\n\t\t\t\t\t\t\t\t<\/div>\n\t\t\t\t\t\t<\/div>\n\t\t\t\t\t\t<\/div>\n\t\t\t\t\t\t<div class='spectra-image-gallery__media-wrapper--isotope'>\n\t\t\t\t\t\t\t<div class='spectra-image-gallery__media-wrapper' data-spectra-gallery-image-id='402' tabindex=\"0\">\n\t\t\t\t\t\t\t<div class=\"spectra-image-gallery__media spectra-image-gallery__media--masonry\">\n\t\t\t\t<picture>\n\t\t\t\t\t<source media=\"(min-width: 1024px)\" srcset=\"https:\/\/sapiensjmh.top\/biodivimg\/wp-content\/uploads\/2024\/11\/galerie_photo03.jpg\">\n\t\t\t\t\t<source media=\"(min-width: 768px)\" srcset=\"https:\/\/sapiensjmh.top\/biodivimg\/wp-content\/uploads\/2024\/11\/galerie_photo03.jpg\">\n\t\t\t\t\t<img decoding=\"async\" class=\"spectra-image-gallery__media-thumbnail spectra-image-gallery__media-thumbnail--masonry\" src=\"https:\/\/sapiensjmh.top\/biodivimg\/wp-content\/uploads\/2024\/11\/galerie_photo03-300x225.jpg\" alt=\"galerie_photo03\" loading=\"lazy\" \/>\n\t\t\t\t<\/picture>\n\t\t\t\t<div class=\"spectra-image-gallery__media-thumbnail-blurrer\"><\/div>\n\t\t\t\t\t\t\t\t\t\t\t<div class=\"spectra-image-gallery__media-thumbnail-caption-wrapper spectra-image-gallery__media-thumbnail-caption-wrapper--overlay\"><\/div>\n\t\t\t\t\t\t\t\t<\/div>\n\t\t\t\t\t\t<\/div>\n\t\t\t\t\t\t<\/div>\n\t\t\t\t\t\t<div class='spectra-image-gallery__media-wrapper--isotope'>\n\t\t\t\t\t\t\t<div class='spectra-image-gallery__media-wrapper' data-spectra-gallery-image-id='403' tabindex=\"0\">\n\t\t\t\t\t\t\t<div class=\"spectra-image-gallery__media spectra-image-gallery__media--masonry\">\n\t\t\t\t<picture>\n\t\t\t\t\t<source media=\"(min-width: 1024px)\" srcset=\"https:\/\/sapiensjmh.top\/biodivimg\/wp-content\/uploads\/2024\/11\/galerie_photo04.jpg\">\n\t\t\t\t\t<source media=\"(min-width: 768px)\" srcset=\"https:\/\/sapiensjmh.top\/biodivimg\/wp-content\/uploads\/2024\/11\/galerie_photo04.jpg\">\n\t\t\t\t\t<img decoding=\"async\" class=\"spectra-image-gallery__media-thumbnail spectra-image-gallery__media-thumbnail--masonry\" src=\"https:\/\/sapiensjmh.top\/biodivimg\/wp-content\/uploads\/2024\/11\/galerie_photo04-300x225.jpg\" alt=\"galerie_photo04\" loading=\"lazy\" \/>\n\t\t\t\t<\/picture>\n\t\t\t\t<div class=\"spectra-image-gallery__media-thumbnail-blurrer\"><\/div>\n\t\t\t\t\t\t\t\t\t\t\t<div class=\"spectra-image-gallery__media-thumbnail-caption-wrapper spectra-image-gallery__media-thumbnail-caption-wrapper--overlay\"><\/div>\n\t\t\t\t\t\t\t\t<\/div>\n\t\t\t\t\t\t<\/div>\n\t\t\t\t\t\t<\/div>\n\t\t\t\t\t\t<div class='spectra-image-gallery__media-wrapper--isotope'>\n\t\t\t\t\t\t\t<div class='spectra-image-gallery__media-wrapper' data-spectra-gallery-image-id='404' tabindex=\"0\">\n\t\t\t\t\t\t\t<div class=\"spectra-image-gallery__media spectra-image-gallery__media--masonry\">\n\t\t\t\t<picture>\n\t\t\t\t\t<source media=\"(min-width: 1024px)\" srcset=\"https:\/\/sapiensjmh.top\/biodivimg\/wp-content\/uploads\/2024\/11\/galerie_photo05.jpg\">\n\t\t\t\t\t<source media=\"(min-width: 768px)\" srcset=\"https:\/\/sapiensjmh.top\/biodivimg\/wp-content\/uploads\/2024\/11\/galerie_photo05.jpg\">\n\t\t\t\t\t<img decoding=\"async\" class=\"spectra-image-gallery__media-thumbnail spectra-image-gallery__media-thumbnail--masonry\" src=\"https:\/\/sapiensjmh.top\/biodivimg\/wp-content\/uploads\/2024\/11\/galerie_photo05-300x225.jpg\" alt=\"galerie_photo05\" loading=\"lazy\" \/>\n\t\t\t\t<\/picture>\n\t\t\t\t<div class=\"spectra-image-gallery__media-thumbnail-blurrer\"><\/div>\n\t\t\t\t\t\t\t\t\t\t\t<div class=\"spectra-image-gallery__media-thumbnail-caption-wrapper spectra-image-gallery__media-thumbnail-caption-wrapper--overlay\"><\/div>\n\t\t\t\t\t\t\t\t<\/div>\n\t\t\t\t\t\t<\/div>\n\t\t\t\t\t\t<\/div>\n\t\t\t\t\t\t<div class='spectra-image-gallery__media-wrapper--isotope'>\n\t\t\t\t\t\t\t<div class='spectra-image-gallery__media-wrapper' data-spectra-gallery-image-id='399' tabindex=\"0\">\n\t\t\t\t\t\t\t<div class=\"spectra-image-gallery__media spectra-image-gallery__media--masonry\">\n\t\t\t\t<picture>\n\t\t\t\t\t<source media=\"(min-width: 1024px)\" srcset=\"https:\/\/sapiensjmh.top\/biodivimg\/wp-content\/uploads\/2024\/11\/galerie_photo06.jpg\">\n\t\t\t\t\t<source media=\"(min-width: 768px)\" srcset=\"https:\/\/sapiensjmh.top\/biodivimg\/wp-content\/uploads\/2024\/11\/galerie_photo06.jpg\">\n\t\t\t\t\t<img decoding=\"async\" class=\"spectra-image-gallery__media-thumbnail spectra-image-gallery__media-thumbnail--masonry\" src=\"https:\/\/sapiensjmh.top\/biodivimg\/wp-content\/uploads\/2024\/11\/galerie_photo06-300x225.jpg\" alt=\"galerie_photo06\" loading=\"lazy\" \/>\n\t\t\t\t<\/picture>\n\t\t\t\t<div class=\"spectra-image-gallery__media-thumbnail-blurrer\"><\/div>\n\t\t\t\t\t\t\t\t\t\t\t<div class=\"spectra-image-gallery__media-thumbnail-caption-wrapper spectra-image-gallery__media-thumbnail-caption-wrapper--overlay\"><\/div>\n\t\t\t\t\t\t\t\t<\/div>\n\t\t\t\t\t\t<\/div>\n\t\t\t\t\t\t<\/div>\n\t\t\t\t\t\t\t\t\t\t<\/div>\n\t\t\t\t\t\t\t\t\t\t\t\t\t\t\t\t\t\t<\/div>\n\t\t\t\t\t\t\t\t\t\n\n\n<div style=\"height:400px\" aria-hidden=\"true\" class=\"wp-block-spacer\"><\/div>\n<\/div>\n","protected":false},"excerpt":{"rendered":"<p>Nom vernaculaire Nom scientifique Fiche descriptive sur le site de l&rsquo;INPN Dates et localisations de mes observations sur iNaturalist<\/p>\n","protected":false},"author":1,"featured_media":0,"parent":70,"menu_order":0,"comment_status":"closed","ping_status":"closed","template":"","meta":{"inline_featured_image":false,"_uag_custom_page_level_css":"","_themeisle_gutenberg_block_has_review":false,"footnotes":"","_wp_rev_ctl_limit":"2"},"categories":[24],"tags":[90,89],"class_list":["post-1022","page","type-page","status-publish","hentry","category-plantes-vegetaux","tag-bryophyte","tag-mousse"],"featured_image_src":"","featured_image_src_square":false,"rbea_author_info":{"display_name":"Jean-Michel HAROUY","author_link":"https:\/\/sapiensjmh.top\/biodivimg\/author\/admin_biodivimg\/"},"rbea_excerpt_info":"Nom vernaculaire Nom scientifique Fiche descriptive sur le site de l&rsquo;INPN Dates et localisations de mes observations sur iNaturalist","uagb_featured_image_src":{"full":false,"thumbnail":false,"medium":false,"medium_large":false,"large":false,"1536x1536":false,"2048x2048":false},"uagb_author_info":{"display_name":"Jean-Michel HAROUY","author_link":"https:\/\/sapiensjmh.top\/biodivimg\/author\/admin_biodivimg\/"},"uagb_comment_info":0,"uagb_excerpt":"Nom vernaculaire Nom scientifique Fiche descriptive sur le site de l&rsquo;INPN Dates et localisations de mes observations sur iNaturalist","_links":{"self":[{"href":"https:\/\/sapiensjmh.top\/biodivimg\/wp-json\/wp\/v2\/pages\/1022","targetHints":{"allow":["GET"]}}],"collection":[{"href":"https:\/\/sapiensjmh.top\/biodivimg\/wp-json\/wp\/v2\/pages"}],"about":[{"href":"https:\/\/sapiensjmh.top\/biodivimg\/wp-json\/wp\/v2\/types\/page"}],"author":[{"embeddable":true,"href":"https:\/\/sapiensjmh.top\/biodivimg\/wp-json\/wp\/v2\/users\/1"}],"replies":[{"embeddable":true,"href":"https:\/\/sapiensjmh.top\/biodivimg\/wp-json\/wp\/v2\/comments?post=1022"}],"version-history":[{"count":2,"href":"https:\/\/sapiensjmh.top\/biodivimg\/wp-json\/wp\/v2\/pages\/1022\/revisions"}],"predecessor-version":[{"id":1024,"href":"https:\/\/sapiensjmh.top\/biodivimg\/wp-json\/wp\/v2\/pages\/1022\/revisions\/1024"}],"up":[{"embeddable":true,"href":"https:\/\/sapiensjmh.top\/biodivimg\/wp-json\/wp\/v2\/pages\/70"}],"wp:attachment":[{"href":"https:\/\/sapiensjmh.top\/biodivimg\/wp-json\/wp\/v2\/media?parent=1022"}],"wp:term":[{"taxonomy":"category","embeddable":true,"href":"https:\/\/sapiensjmh.top\/biodivimg\/wp-json\/wp\/v2\/categories?post=1022"},{"taxonomy":"post_tag","embeddable":true,"href":"https:\/\/sapiensjmh.top\/biodivimg\/wp-json\/wp\/v2\/tags?post=1022"}],"curies":[{"name":"wp","href":"https:\/\/api.w.org\/{rel}","templated":true}]}}